{"id":3434682,"date":"2025-10-09T22:59:29","date_gmt":"2025-10-10T02:59:29","guid":{"rendered":"https:\/\/stoic-curie.212-227-153-4.plesk.page\/product\/nachruestkit-fuer-secumar-arkona-275n\/"},"modified":"2026-02-24T23:35:15","modified_gmt":"2026-02-24T23:35:15","slug":"nachruestkit-fuer-secumar-arkona-275n","status":"publish","type":"product","link":"https:\/\/stoic-curie.212-227-153-4.plesk.page\/de\/product\/nachruestkit-fuer-secumar-arkona-275n\/","title":{"rendered":"Nachr\u00fcstkit f\u00fcr Secumar Arkona 275N"},"content":{"rendered":"<p>Nachr\u00fcstkit f\u00fcr Secumar Arkona 275N &#8211; <\/p>\n<p>Die Secumar 275N aufblasbare Schwimmweste ist nach CE ISO 12402-2 f\u00fcr Freizeitschiffe ohne Einschr\u00e4nkungen zugelassen. Sie ist sehr d\u00fcnn und komfortabel, bietet eine hohe Bewegungsfreiheit und au\u00dfergew\u00f6hnlichen Auftrieb. Mit einem CE ISO12401-zertifizierten Sicherheitsgeschirr ausgestattet. Automatische UML-Aktivierung. Eine Gr\u00f6\u00dfe f\u00fcr K\u00f6rpergewichte \u00fcber 50 kg.<\/p>\n","protected":false},"excerpt":{"rendered":"<p>Nachr\u00fcstkit f\u00fcr Secumar Arkona 275N &#8211; Die Secumar 275N aufblasbare Schwimmweste ist nach CE ISO 12402-2 f\u00fcr Freizeitschiffe ohne Einschr\u00e4nkungen<\/p>\n","protected":false},"featured_media":5946517,"comment_status":"closed","ping_status":"closed","template":"","meta":[],"product_brand":[3365],"product_cat":[1314],"product_tag":[],"class_list":{"0":"post-3434682","1":"product","2":"type-product","3":"status-publish","4":"has-post-thumbnail","6":"product_brand-securmar-de","7":"product_cat-zugelassene-rettungswesten","9":"first","10":"outofstock","11":"shipping-taxable","12":"purchasable","13":"product-type-simple"},"_links":{"self":[{"href":"https:\/\/stoic-curie.212-227-153-4.plesk.page\/de\/wp-json\/wp\/v2\/product\/3434682","targetHints":{"allow":["GET"]}}],"collection":[{"href":"https:\/\/stoic-curie.212-227-153-4.plesk.page\/de\/wp-json\/wp\/v2\/product"}],"about":[{"href":"https:\/\/stoic-curie.212-227-153-4.plesk.page\/de\/wp-json\/wp\/v2\/types\/product"}],"replies":[{"embeddable":true,"href":"https:\/\/stoic-curie.212-227-153-4.plesk.page\/de\/wp-json\/wp\/v2\/comments?post=3434682"}],"version-history":[{"count":0,"href":"https:\/\/stoic-curie.212-227-153-4.plesk.page\/de\/wp-json\/wp\/v2\/product\/3434682\/revisions"}],"wp:featuredmedia":[{"embeddable":true,"href":"https:\/\/stoic-curie.212-227-153-4.plesk.page\/de\/wp-json\/wp\/v2\/media\/5946517"}],"wp:attachment":[{"href":"https:\/\/stoic-curie.212-227-153-4.plesk.page\/de\/wp-json\/wp\/v2\/media?parent=3434682"}],"wp:term":[{"taxonomy":"product_brand","embeddable":true,"href":"https:\/\/stoic-curie.212-227-153-4.plesk.page\/de\/wp-json\/wp\/v2\/product_brand?post=3434682"},{"taxonomy":"product_cat","embeddable":true,"href":"https:\/\/stoic-curie.212-227-153-4.plesk.page\/de\/wp-json\/wp\/v2\/product_cat?post=3434682"},{"taxonomy":"product_tag","embeddable":true,"href":"https:\/\/stoic-curie.212-227-153-4.plesk.page\/de\/wp-json\/wp\/v2\/product_tag?post=3434682"}],"curies":[{"name":"wp","href":"https:\/\/api.w.org\/{rel}","templated":true}]}}