{"id":3434723,"date":"2025-10-09T22:59:30","date_gmt":"2025-10-10T02:59:30","guid":{"rendered":"https:\/\/stoic-curie.212-227-153-4.plesk.page\/product\/4dek-edelstahlplattenhaken-mit-federfang-5-mm\/"},"modified":"2026-02-24T23:35:15","modified_gmt":"2026-02-24T23:35:15","slug":"4dek-edelstahlplattenhaken-mit-federfang-5-mm","status":"publish","type":"product","link":"https:\/\/stoic-curie.212-227-153-4.plesk.page\/de\/product\/4dek-edelstahlplattenhaken-mit-federfang-5-mm\/","title":{"rendered":"4Dek Edelstahlplattenhaken mit Federfang (5 mm)"},"content":{"rendered":"<p>4Dek Edelstahlplattenhaken mit Federfang (5 mm) &#8211; <\/p>\n<div class=\"col-24 col-md-15\">\n<p>Dieser 4Dek Plattenhaken ist aus poliertem marinequalit\u00e4t Edelstahl 316 gefertigt und verf\u00fcgt \u00fcber eine federbelastete Zunge. Die Platte hat zwei 22 mm Befestigungsl\u00f6cher.<\/p>\n<\/div>\n<p><\/p>\n<table class=\"table\">\n<tbody>\n<tr>\n<td><strong>L\u00e4nge<\/strong><\/td>\n<td>38 mm<\/td>\n<\/tr>\n<tr>\n<td><strong>Material<\/strong><\/td>\n<td>Polierter marinequalit\u00e4t Edelstahl 316<\/td>\n<\/tr>\n<tr>\n<td><strong>Breite<\/strong><\/td>\n<td>34 mm (1,3&#8243;)<\/td>\n<\/tr>\n<tr>\n<td><strong>Marke<\/strong><\/td>\n<td>4Dek<\/td>\n<\/tr>\n<tr>\n<td><strong>Prim\u00e4re Konstruktion<\/strong><\/td>\n<td>Edelstahl 316<\/td>\n<\/tr>\n<tr>\n<td><strong>Farbe<\/strong><\/td>\n<td>Silber<\/td>\n<\/tr>\n<tr>\n<td><strong>Durchmesser<\/strong><\/td>\n<td>Haken ID: 5 mm (0,2&#8243;)<\/td>\n<\/tr>\n<tr>\n<td><strong>Abmessungen<\/strong><\/td>\n<td>Befestigungsl\u00f6cher: 22 mm (0,9&#8243;)<\/td>\n<\/tr>\n<tr>\n<td><strong>Ersatz f\u00fcr<\/strong><\/td>\n<td>827177BULK<\/td>\n<\/tr>\n<\/tbody>\n<\/table>\n","protected":false},"excerpt":{"rendered":"<p>4Dek Edelstahlplattenhaken mit Federfang (5 mm) &#8211; Dieser 4Dek Plattenhaken ist aus poliertem marinequalit\u00e4t Edelstahl 316 gefertigt und verf\u00fcgt \u00fcber<\/p>\n","protected":false},"featured_media":5946541,"comment_status":"closed","ping_status":"closed","template":"","meta":[],"product_brand":[3235],"product_cat":[1423],"product_tag":[],"class_list":{"0":"post-3434723","1":"product","2":"type-product","3":"status-publish","4":"has-post-thumbnail","6":"product_brand-osculati-de","7":"product_cat-kabinenbeschlaege","9":"first","10":"instock","11":"shipping-taxable","12":"purchasable","13":"product-type-simple"},"_links":{"self":[{"href":"https:\/\/stoic-curie.212-227-153-4.plesk.page\/de\/wp-json\/wp\/v2\/product\/3434723","targetHints":{"allow":["GET"]}}],"collection":[{"href":"https:\/\/stoic-curie.212-227-153-4.plesk.page\/de\/wp-json\/wp\/v2\/product"}],"about":[{"href":"https:\/\/stoic-curie.212-227-153-4.plesk.page\/de\/wp-json\/wp\/v2\/types\/product"}],"replies":[{"embeddable":true,"href":"https:\/\/stoic-curie.212-227-153-4.plesk.page\/de\/wp-json\/wp\/v2\/comments?post=3434723"}],"version-history":[{"count":0,"href":"https:\/\/stoic-curie.212-227-153-4.plesk.page\/de\/wp-json\/wp\/v2\/product\/3434723\/revisions"}],"wp:featuredmedia":[{"embeddable":true,"href":"https:\/\/stoic-curie.212-227-153-4.plesk.page\/de\/wp-json\/wp\/v2\/media\/5946541"}],"wp:attachment":[{"href":"https:\/\/stoic-curie.212-227-153-4.plesk.page\/de\/wp-json\/wp\/v2\/media?parent=3434723"}],"wp:term":[{"taxonomy":"product_brand","embeddable":true,"href":"https:\/\/stoic-curie.212-227-153-4.plesk.page\/de\/wp-json\/wp\/v2\/product_brand?post=3434723"},{"taxonomy":"product_cat","embeddable":true,"href":"https:\/\/stoic-curie.212-227-153-4.plesk.page\/de\/wp-json\/wp\/v2\/product_cat?post=3434723"},{"taxonomy":"product_tag","embeddable":true,"href":"https:\/\/stoic-curie.212-227-153-4.plesk.page\/de\/wp-json\/wp\/v2\/product_tag?post=3434723"}],"curies":[{"name":"wp","href":"https:\/\/api.w.org\/{rel}","templated":true}]}}