{"id":3434883,"date":"2025-10-09T22:59:37","date_gmt":"2025-10-10T02:59:37","guid":{"rendered":"https:\/\/stoic-curie.212-227-153-4.plesk.page\/product\/trimmanzeige-ecms-schwarz-0-190-ohm-52mm\/"},"modified":"2026-02-24T23:35:15","modified_gmt":"2026-02-24T23:35:15","slug":"trimmanzeige-ecms-schwarz-0-190-ohm-52mm","status":"publish","type":"product","link":"https:\/\/stoic-curie.212-227-153-4.plesk.page\/de\/product\/trimmanzeige-ecms-schwarz-0-190-ohm-52mm\/","title":{"rendered":"Trimmanzeige ECMS Schwarz 0-190 Ohm 52mm"},"content":{"rendered":"<p>Trimmanzeige ECMS Schwarz 0-190 Ohm 52mm &#8211; <\/p>\n<p>Ecms 12\/24V All Black Instrumente, komplett mit verkabeltem Molex-Anschluss. Schwarzer Edelstahlrahmen und schwarze Zifferblatt. Wasserdicht mit IP67 Schutz und einer gew\u00f6lbten, beschlagfreien Linse. Anpassbares mehrfarbiges LED-hintergrundbeleuchtetes Zifferblatt. Die F\u00fcllstandsanzeigen k\u00f6nnen \u00fcber die Konfigurationstaste auf der R\u00fcckseite auf jeden Impedanzwert eingestellt werden. Sie sind auf den Standardwert von 0-190 Ohm voreingestellt. Die 5- und 10-Bar-\u00d6ldruckanzeigen sind mit Standard-Sensoren (10-180 Ohm) kompatibel, w\u00e4hrend die 30-Bar-Anzeige nur mit elektronischen Sensoren (0,5-4,5 V) kompatibel ist. Die Amperemeter sind komplett mit Sensor (Shunt) zur Messung des Stroms ausgestattet.<\/p>\n","protected":false},"excerpt":{"rendered":"<p>Trimmanzeige ECMS Schwarz 0-190 Ohm 52mm &#8211; Ecms 12\/24V All Black Instrumente, komplett mit verkabeltem Molex-Anschluss. Schwarzer Edelstahlrahmen und schwarze<\/p>\n","protected":false},"featured_media":5946722,"comment_status":"closed","ping_status":"closed","template":"","meta":[],"product_brand":[2910],"product_cat":[1524],"product_tag":[],"class_list":{"0":"post-3434883","1":"product","2":"type-product","3":"status-publish","4":"has-post-thumbnail","6":"product_brand-ecms-marine-de","7":"product_cat-ecms-messgeraete","9":"first","10":"instock","11":"shipping-taxable","12":"purchasable","13":"product-type-simple"},"_links":{"self":[{"href":"https:\/\/stoic-curie.212-227-153-4.plesk.page\/de\/wp-json\/wp\/v2\/product\/3434883","targetHints":{"allow":["GET"]}}],"collection":[{"href":"https:\/\/stoic-curie.212-227-153-4.plesk.page\/de\/wp-json\/wp\/v2\/product"}],"about":[{"href":"https:\/\/stoic-curie.212-227-153-4.plesk.page\/de\/wp-json\/wp\/v2\/types\/product"}],"replies":[{"embeddable":true,"href":"https:\/\/stoic-curie.212-227-153-4.plesk.page\/de\/wp-json\/wp\/v2\/comments?post=3434883"}],"version-history":[{"count":0,"href":"https:\/\/stoic-curie.212-227-153-4.plesk.page\/de\/wp-json\/wp\/v2\/product\/3434883\/revisions"}],"wp:featuredmedia":[{"embeddable":true,"href":"https:\/\/stoic-curie.212-227-153-4.plesk.page\/de\/wp-json\/wp\/v2\/media\/5946722"}],"wp:attachment":[{"href":"https:\/\/stoic-curie.212-227-153-4.plesk.page\/de\/wp-json\/wp\/v2\/media?parent=3434883"}],"wp:term":[{"taxonomy":"product_brand","embeddable":true,"href":"https:\/\/stoic-curie.212-227-153-4.plesk.page\/de\/wp-json\/wp\/v2\/product_brand?post=3434883"},{"taxonomy":"product_cat","embeddable":true,"href":"https:\/\/stoic-curie.212-227-153-4.plesk.page\/de\/wp-json\/wp\/v2\/product_cat?post=3434883"},{"taxonomy":"product_tag","embeddable":true,"href":"https:\/\/stoic-curie.212-227-153-4.plesk.page\/de\/wp-json\/wp\/v2\/product_tag?post=3434883"}],"curies":[{"name":"wp","href":"https:\/\/api.w.org\/{rel}","templated":true}]}}