{"id":3434891,"date":"2025-10-09T22:59:37","date_gmt":"2025-10-10T02:59:37","guid":{"rendered":"https:\/\/stoic-curie.212-227-153-4.plesk.page\/product\/trimmanzeige-ecms-schwarz-167-10-ohm-52mm\/"},"modified":"2026-02-24T23:35:15","modified_gmt":"2026-02-24T23:35:15","slug":"trimmanzeige-ecms-schwarz-167-10-ohm-52mm","status":"publish","type":"product","link":"https:\/\/stoic-curie.212-227-153-4.plesk.page\/de\/product\/trimmanzeige-ecms-schwarz-167-10-ohm-52mm\/","title":{"rendered":"Trimmanzeige ECMS Schwarz 167-10 Ohm 52mm"},"content":{"rendered":"<p>Trimmanzeige ECMS Schwarz 167-10 Ohm 52mm &#8211; <\/p>\n<p>Die Ecms 12\/24V All Black Instrumente sind mit einem verkabelten Molex-Anschluss ausgestattet. Sie verf\u00fcgen \u00fcber eine schwarze Edelstahlblende und ein schwarzes Zifferblatt. Mit einer wasserdichten IP67 gesch\u00fctzten, gew\u00f6lbten, beschlagfreien Linse. Der individuell anpassbare, mehrfarbige LED-hintergrundbeleuchtete Zifferblatt. Die Niveaumesser k\u00f6nnen \u00fcber die R\u00fcckkonfigurationstaste auf jeden Impedanzwert eingestellt werden. Sie sind werkseitig auf den Standardwert von 0-190 Ohm voreingestellt. Die \u00d6ltemperaturanzeigen von 5 und 10 Bar sind mit Standardgebern (10-180 Ohm) kompatibel, w\u00e4hrend der 30 Bar Druckmesser nur mit elektronischen Sensoren (0,5-4,5 V) kompatibel ist. Die Amperemetern sind inklusive Sensor (Shunt) zur Messung des Stroms.<\/p>\n","protected":false},"excerpt":{"rendered":"<p>Trimmanzeige ECMS Schwarz 167-10 Ohm 52mm &#8211; Die Ecms 12\/24V All Black Instrumente sind mit einem verkabelten Molex-Anschluss ausgestattet. Sie<\/p>\n","protected":false},"featured_media":5946722,"comment_status":"closed","ping_status":"closed","template":"","meta":[],"product_brand":[2910],"product_cat":[1524],"product_tag":[],"class_list":{"0":"post-3434891","1":"product","2":"type-product","3":"status-publish","4":"has-post-thumbnail","6":"product_brand-ecms-marine-de","7":"product_cat-ecms-messgeraete","9":"first","10":"instock","11":"shipping-taxable","12":"purchasable","13":"product-type-simple"},"_links":{"self":[{"href":"https:\/\/stoic-curie.212-227-153-4.plesk.page\/de\/wp-json\/wp\/v2\/product\/3434891","targetHints":{"allow":["GET"]}}],"collection":[{"href":"https:\/\/stoic-curie.212-227-153-4.plesk.page\/de\/wp-json\/wp\/v2\/product"}],"about":[{"href":"https:\/\/stoic-curie.212-227-153-4.plesk.page\/de\/wp-json\/wp\/v2\/types\/product"}],"replies":[{"embeddable":true,"href":"https:\/\/stoic-curie.212-227-153-4.plesk.page\/de\/wp-json\/wp\/v2\/comments?post=3434891"}],"version-history":[{"count":0,"href":"https:\/\/stoic-curie.212-227-153-4.plesk.page\/de\/wp-json\/wp\/v2\/product\/3434891\/revisions"}],"wp:featuredmedia":[{"embeddable":true,"href":"https:\/\/stoic-curie.212-227-153-4.plesk.page\/de\/wp-json\/wp\/v2\/media\/5946722"}],"wp:attachment":[{"href":"https:\/\/stoic-curie.212-227-153-4.plesk.page\/de\/wp-json\/wp\/v2\/media?parent=3434891"}],"wp:term":[{"taxonomy":"product_brand","embeddable":true,"href":"https:\/\/stoic-curie.212-227-153-4.plesk.page\/de\/wp-json\/wp\/v2\/product_brand?post=3434891"},{"taxonomy":"product_cat","embeddable":true,"href":"https:\/\/stoic-curie.212-227-153-4.plesk.page\/de\/wp-json\/wp\/v2\/product_cat?post=3434891"},{"taxonomy":"product_tag","embeddable":true,"href":"https:\/\/stoic-curie.212-227-153-4.plesk.page\/de\/wp-json\/wp\/v2\/product_tag?post=3434891"}],"curies":[{"name":"wp","href":"https:\/\/api.w.org\/{rel}","templated":true}]}}