{"id":3434908,"date":"2025-10-09T22:59:38","date_gmt":"2025-10-10T02:59:38","guid":{"rendered":"https:\/\/stoic-curie.212-227-153-4.plesk.page\/product\/sicherungskasten-fuer-12-standard-unival-sicherungen-138-x-88-x-h36mm\/"},"modified":"2026-02-24T23:35:15","modified_gmt":"2026-02-24T23:35:15","slug":"sicherungskasten-fuer-12-standard-unival-sicherungen-138-x-88-x-h36mm","status":"publish","type":"product","link":"https:\/\/stoic-curie.212-227-153-4.plesk.page\/de\/product\/sicherungskasten-fuer-12-standard-unival-sicherungen-138-x-88-x-h36mm\/","title":{"rendered":"Sicherungskasten f\u00fcr 12 Standard (Unival) Sicherungen, 138 x 88 x H36mm"},"content":{"rendered":"<p>Sicherungskasten f\u00fcr 12 Standard (Unival) Sicherungen, 138 x 88 x H36mm &#8211; <\/p>\n<p>Standard-MIDI-Sicherungshalter mit gemeinsamem Pluspol und Sammelschiene. Interlocking-Module mit Schraubklemmen f\u00fcr zus\u00e4tzliche Sicherheit. LED-Alarmanzeige, die aktiviert wird, wenn die Sicherung durchgebrannt ist. Transparentes Schutzgeh\u00e4use. Selbstklebende Etiketten mit Symbolen zur Nutzung. Komplett mit Sicherungen.<\/p>\n","protected":false},"excerpt":{"rendered":"<p>Sicherungskasten f\u00fcr 12 Standard (Unival) Sicherungen, 138 x 88 x H36mm &#8211; Standard-MIDI-Sicherungshalter mit gemeinsamem Pluspol und Sammelschiene. Interlocking-Module mit<\/p>\n","protected":false},"featured_media":5946741,"comment_status":"closed","ping_status":"closed","template":"","meta":[],"product_brand":[2830],"product_cat":[1453],"product_tag":[],"class_list":{"0":"post-3434908","1":"product","2":"type-product","3":"status-publish","4":"has-post-thumbnail","6":"product_brand-blue-sea-systems-de","7":"product_cat-elektrozubehoer","9":"first","10":"instock","11":"shipping-taxable","12":"purchasable","13":"product-type-simple"},"_links":{"self":[{"href":"https:\/\/stoic-curie.212-227-153-4.plesk.page\/de\/wp-json\/wp\/v2\/product\/3434908","targetHints":{"allow":["GET"]}}],"collection":[{"href":"https:\/\/stoic-curie.212-227-153-4.plesk.page\/de\/wp-json\/wp\/v2\/product"}],"about":[{"href":"https:\/\/stoic-curie.212-227-153-4.plesk.page\/de\/wp-json\/wp\/v2\/types\/product"}],"replies":[{"embeddable":true,"href":"https:\/\/stoic-curie.212-227-153-4.plesk.page\/de\/wp-json\/wp\/v2\/comments?post=3434908"}],"version-history":[{"count":0,"href":"https:\/\/stoic-curie.212-227-153-4.plesk.page\/de\/wp-json\/wp\/v2\/product\/3434908\/revisions"}],"wp:featuredmedia":[{"embeddable":true,"href":"https:\/\/stoic-curie.212-227-153-4.plesk.page\/de\/wp-json\/wp\/v2\/media\/5946741"}],"wp:attachment":[{"href":"https:\/\/stoic-curie.212-227-153-4.plesk.page\/de\/wp-json\/wp\/v2\/media?parent=3434908"}],"wp:term":[{"taxonomy":"product_brand","embeddable":true,"href":"https:\/\/stoic-curie.212-227-153-4.plesk.page\/de\/wp-json\/wp\/v2\/product_brand?post=3434908"},{"taxonomy":"product_cat","embeddable":true,"href":"https:\/\/stoic-curie.212-227-153-4.plesk.page\/de\/wp-json\/wp\/v2\/product_cat?post=3434908"},{"taxonomy":"product_tag","embeddable":true,"href":"https:\/\/stoic-curie.212-227-153-4.plesk.page\/de\/wp-json\/wp\/v2\/product_tag?post=3434908"}],"curies":[{"name":"wp","href":"https:\/\/api.w.org\/{rel}","templated":true}]}}