{"id":3435281,"date":"2025-10-09T22:59:53","date_gmt":"2025-10-10T02:59:53","guid":{"rendered":"https:\/\/stoic-curie.212-227-153-4.plesk.page\/product\/liros-d-pro-6-mm\/"},"modified":"2026-02-24T23:35:15","modified_gmt":"2026-02-24T23:35:15","slug":"liros-d-pro-6-mm","status":"publish","type":"product","link":"https:\/\/stoic-curie.212-227-153-4.plesk.page\/de\/product\/liros-d-pro-6-mm\/","title":{"rendered":"Liros D-Pro 6 mm"},"content":{"rendered":"<p>Liros D-Pro 6 mm &#8211; <\/p>\n<p>Das LIROS Heat-Stretch-System garantiert optimale Bruchlasten und Dehnungseigenschaften dieser Linie. Hervorragende Scheuerfestigkeit, geringes Gewicht und gute Verarbeitungsm\u00f6glichkeiten machen diese Linie einzigartig f\u00fcr alle Rennboote jeder Gr\u00f6\u00dfe. Ideal als Ersatz f\u00fcr Stahlkabel in technischen Anwendungen.<\/p>\n","protected":false},"excerpt":{"rendered":"<p>Liros D-Pro 6 mm &#8211; Das LIROS Heat-Stretch-System garantiert optimale Bruchlasten und Dehnungseigenschaften dieser Linie. Hervorragende Scheuerfestigkeit, geringes Gewicht und<\/p>\n","protected":false},"featured_media":5946776,"comment_status":"closed","ping_status":"closed","template":"","meta":[],"product_brand":[3065],"product_cat":[1480],"product_tag":[],"class_list":{"0":"post-3435281","1":"product","2":"type-product","3":"status-publish","4":"has-post-thumbnail","6":"product_brand-liros-de","7":"product_cat-dyneema-seil","9":"first","10":"instock","11":"shipping-taxable","12":"purchasable","13":"product-type-simple"},"_links":{"self":[{"href":"https:\/\/stoic-curie.212-227-153-4.plesk.page\/de\/wp-json\/wp\/v2\/product\/3435281","targetHints":{"allow":["GET"]}}],"collection":[{"href":"https:\/\/stoic-curie.212-227-153-4.plesk.page\/de\/wp-json\/wp\/v2\/product"}],"about":[{"href":"https:\/\/stoic-curie.212-227-153-4.plesk.page\/de\/wp-json\/wp\/v2\/types\/product"}],"replies":[{"embeddable":true,"href":"https:\/\/stoic-curie.212-227-153-4.plesk.page\/de\/wp-json\/wp\/v2\/comments?post=3435281"}],"version-history":[{"count":0,"href":"https:\/\/stoic-curie.212-227-153-4.plesk.page\/de\/wp-json\/wp\/v2\/product\/3435281\/revisions"}],"wp:featuredmedia":[{"embeddable":true,"href":"https:\/\/stoic-curie.212-227-153-4.plesk.page\/de\/wp-json\/wp\/v2\/media\/5946776"}],"wp:attachment":[{"href":"https:\/\/stoic-curie.212-227-153-4.plesk.page\/de\/wp-json\/wp\/v2\/media?parent=3435281"}],"wp:term":[{"taxonomy":"product_brand","embeddable":true,"href":"https:\/\/stoic-curie.212-227-153-4.plesk.page\/de\/wp-json\/wp\/v2\/product_brand?post=3435281"},{"taxonomy":"product_cat","embeddable":true,"href":"https:\/\/stoic-curie.212-227-153-4.plesk.page\/de\/wp-json\/wp\/v2\/product_cat?post=3435281"},{"taxonomy":"product_tag","embeddable":true,"href":"https:\/\/stoic-curie.212-227-153-4.plesk.page\/de\/wp-json\/wp\/v2\/product_tag?post=3435281"}],"curies":[{"name":"wp","href":"https:\/\/api.w.org\/{rel}","templated":true}]}}