{"id":3435316,"date":"2025-10-09T22:59:54","date_gmt":"2025-10-10T02:59:54","guid":{"rendered":"https:\/\/stoic-curie.212-227-153-4.plesk.page\/product\/salatschuessel-mb-venezia-25-cm\/"},"modified":"2026-02-24T23:35:16","modified_gmt":"2026-02-24T23:35:16","slug":"salatschuessel-mb-venezia-25-cm","status":"publish","type":"product","link":"https:\/\/stoic-curie.212-227-153-4.plesk.page\/de\/product\/salatschuessel-mb-venezia-25-cm\/","title":{"rendered":"Salatsch\u00fcssel MB Venezia 25 cm"},"content":{"rendered":"<p>Salatsch\u00fcssel MB Venezia 25 cm &#8211; <\/p>\n<p>Venezia dekorative Salatsch\u00fcssel mit Servierbesteck. Hergestellt aus 100% zertifiziert lebensmittelechtem Melamin. Sp\u00fclmaschinenfest, bruchfest und fleckenbest\u00e4ndig.<\/p>\n","protected":false},"excerpt":{"rendered":"<p>Salatsch\u00fcssel MB Venezia 25 cm &#8211; Venezia dekorative Salatsch\u00fcssel mit Servierbesteck. Hergestellt aus 100% zertifiziert lebensmittelechtem Melamin. Sp\u00fclmaschinenfest, bruchfest und<\/p>\n","protected":false},"featured_media":5946792,"comment_status":"closed","ping_status":"closed","template":"","meta":[],"product_brand":[3110],"product_cat":[1358],"product_tag":[],"class_list":{"0":"post-3435316","1":"product","2":"type-product","3":"status-publish","4":"has-post-thumbnail","6":"product_brand-marine-business-mb-de","7":"product_cat-bootsgeschirr","9":"first","10":"instock","11":"shipping-taxable","12":"purchasable","13":"product-type-simple"},"_links":{"self":[{"href":"https:\/\/stoic-curie.212-227-153-4.plesk.page\/de\/wp-json\/wp\/v2\/product\/3435316","targetHints":{"allow":["GET"]}}],"collection":[{"href":"https:\/\/stoic-curie.212-227-153-4.plesk.page\/de\/wp-json\/wp\/v2\/product"}],"about":[{"href":"https:\/\/stoic-curie.212-227-153-4.plesk.page\/de\/wp-json\/wp\/v2\/types\/product"}],"replies":[{"embeddable":true,"href":"https:\/\/stoic-curie.212-227-153-4.plesk.page\/de\/wp-json\/wp\/v2\/comments?post=3435316"}],"version-history":[{"count":0,"href":"https:\/\/stoic-curie.212-227-153-4.plesk.page\/de\/wp-json\/wp\/v2\/product\/3435316\/revisions"}],"wp:featuredmedia":[{"embeddable":true,"href":"https:\/\/stoic-curie.212-227-153-4.plesk.page\/de\/wp-json\/wp\/v2\/media\/5946792"}],"wp:attachment":[{"href":"https:\/\/stoic-curie.212-227-153-4.plesk.page\/de\/wp-json\/wp\/v2\/media?parent=3435316"}],"wp:term":[{"taxonomy":"product_brand","embeddable":true,"href":"https:\/\/stoic-curie.212-227-153-4.plesk.page\/de\/wp-json\/wp\/v2\/product_brand?post=3435316"},{"taxonomy":"product_cat","embeddable":true,"href":"https:\/\/stoic-curie.212-227-153-4.plesk.page\/de\/wp-json\/wp\/v2\/product_cat?post=3435316"},{"taxonomy":"product_tag","embeddable":true,"href":"https:\/\/stoic-curie.212-227-153-4.plesk.page\/de\/wp-json\/wp\/v2\/product_tag?post=3435316"}],"curies":[{"name":"wp","href":"https:\/\/api.w.org\/{rel}","templated":true}]}}