{"id":3435368,"date":"2025-10-09T22:59:57","date_gmt":"2025-10-10T02:59:57","guid":{"rendered":"https:\/\/stoic-curie.212-227-153-4.plesk.page\/product\/edelstahlgitter-mit-schlauchanschluss-roca-82-x-82-x-h63-mm\/"},"modified":"2026-02-24T23:35:16","modified_gmt":"2026-02-24T23:35:16","slug":"edelstahlgitter-mit-schlauchanschluss-roca-82-x-82-x-h63-mm","status":"publish","type":"product","link":"https:\/\/stoic-curie.212-227-153-4.plesk.page\/de\/product\/edelstahlgitter-mit-schlauchanschluss-roca-82-x-82-x-h63-mm\/","title":{"rendered":"Edelstahlgitter mit Schlauchanschluss Roca 82 x 82 x H63 mm"},"content":{"rendered":"<p>Edelstahlgitter mit Schlauchanschluss Roca 82 x 82 x H63 mm &#8211; <\/p>\n<p>Roca 316 Edelstahl Rundluftventil mit Kunststoffluftschlauchverbinder f\u00fcr 75 mm Bel\u00fcftungsschl\u00e4uche. Die beiden Teile werden separat verkauft.<\/p>\n","protected":false},"excerpt":{"rendered":"<p>Edelstahlgitter mit Schlauchanschluss Roca 82 x 82 x H63 mm &#8211; Roca 316 Edelstahl Rundluftventil mit Kunststoffluftschlauchverbinder f\u00fcr 75 mm<\/p>\n","protected":false},"featured_media":5946815,"comment_status":"closed","ping_status":"closed","template":"","meta":[],"product_brand":[3315],"product_cat":[1412,1404],"product_tag":[],"class_list":{"0":"post-3435368","1":"product","2":"type-product","3":"status-publish","4":"has-post-thumbnail","6":"product_brand-roca-marine-de","7":"product_cat-bootdeckbelueftungen","8":"product_cat-lamellenlueftungen","10":"first","11":"instock","12":"shipping-taxable","13":"purchasable","14":"product-type-simple"},"_links":{"self":[{"href":"https:\/\/stoic-curie.212-227-153-4.plesk.page\/de\/wp-json\/wp\/v2\/product\/3435368","targetHints":{"allow":["GET"]}}],"collection":[{"href":"https:\/\/stoic-curie.212-227-153-4.plesk.page\/de\/wp-json\/wp\/v2\/product"}],"about":[{"href":"https:\/\/stoic-curie.212-227-153-4.plesk.page\/de\/wp-json\/wp\/v2\/types\/product"}],"replies":[{"embeddable":true,"href":"https:\/\/stoic-curie.212-227-153-4.plesk.page\/de\/wp-json\/wp\/v2\/comments?post=3435368"}],"version-history":[{"count":0,"href":"https:\/\/stoic-curie.212-227-153-4.plesk.page\/de\/wp-json\/wp\/v2\/product\/3435368\/revisions"}],"wp:featuredmedia":[{"embeddable":true,"href":"https:\/\/stoic-curie.212-227-153-4.plesk.page\/de\/wp-json\/wp\/v2\/media\/5946815"}],"wp:attachment":[{"href":"https:\/\/stoic-curie.212-227-153-4.plesk.page\/de\/wp-json\/wp\/v2\/media?parent=3435368"}],"wp:term":[{"taxonomy":"product_brand","embeddable":true,"href":"https:\/\/stoic-curie.212-227-153-4.plesk.page\/de\/wp-json\/wp\/v2\/product_brand?post=3435368"},{"taxonomy":"product_cat","embeddable":true,"href":"https:\/\/stoic-curie.212-227-153-4.plesk.page\/de\/wp-json\/wp\/v2\/product_cat?post=3435368"},{"taxonomy":"product_tag","embeddable":true,"href":"https:\/\/stoic-curie.212-227-153-4.plesk.page\/de\/wp-json\/wp\/v2\/product_tag?post=3435368"}],"curies":[{"name":"wp","href":"https:\/\/api.w.org\/{rel}","templated":true}]}}