{"id":3435377,"date":"2025-10-09T22:59:57","date_gmt":"2025-10-10T02:59:57","guid":{"rendered":"https:\/\/stoic-curie.212-227-153-4.plesk.page\/product\/aaa-schluessel-fuer-batterie-isolatorschalter-714601-714608\/"},"modified":"2026-02-24T23:35:16","modified_gmt":"2026-02-24T23:35:16","slug":"aaa-schluessel-fuer-batterie-isolatorschalter-714601-714608","status":"publish","type":"product","link":"https:\/\/stoic-curie.212-227-153-4.plesk.page\/de\/product\/aaa-schluessel-fuer-batterie-isolatorschalter-714601-714608\/","title":{"rendered":"AAA Schl\u00fcssel f\u00fcr Batterie-Isolatorschalter 714601 &#038; 714608"},"content":{"rendered":"<p>AAA Schl\u00fcssel f\u00fcr Batterie-Isolatorschalter 714601 &#038; 714608 &#8211; AAA Ersatz \/ Ersatz roter Kunststoffschl\u00fcssel f\u00fcr die Batterie-Isolatorschalter 714601 und 714608.<\/p>\n<table class=\"table\">\n<tbody>\n<tr>\n<td><strong>Material<\/strong><\/td>\n<td>Kunststoffschl\u00fcssel<\/td>\n<\/tr>\n<tr>\n<td><strong>Marke<\/strong><\/td>\n<td>AAA<\/td>\n<\/tr>\n<tr>\n<td><strong>Prim\u00e4re Konstruktion<\/strong><\/td>\n<td>Kunststoff<\/td>\n<\/tr>\n<\/tbody>\n<\/table>\n","protected":false},"excerpt":{"rendered":"<p>AAA Schl\u00fcssel f\u00fcr Batterie-Isolatorschalter 714601 &#038; 714608 &#8211; AAA Ersatz \/ Ersatz roter Kunststoffschl\u00fcssel f\u00fcr die Batterie-Isolatorschalter 714601 und 714608.<\/p>\n","protected":false},"featured_media":5946819,"comment_status":"closed","ping_status":"closed","template":"","meta":[],"product_brand":[3235],"product_cat":[1458],"product_tag":[],"class_list":{"0":"post-3435377","1":"product","2":"type-product","3":"status-publish","4":"has-post-thumbnail","6":"product_brand-osculati-de","7":"product_cat-batterieschalter","9":"first","10":"instock","11":"shipping-taxable","12":"purchasable","13":"product-type-simple"},"_links":{"self":[{"href":"https:\/\/stoic-curie.212-227-153-4.plesk.page\/de\/wp-json\/wp\/v2\/product\/3435377","targetHints":{"allow":["GET"]}}],"collection":[{"href":"https:\/\/stoic-curie.212-227-153-4.plesk.page\/de\/wp-json\/wp\/v2\/product"}],"about":[{"href":"https:\/\/stoic-curie.212-227-153-4.plesk.page\/de\/wp-json\/wp\/v2\/types\/product"}],"replies":[{"embeddable":true,"href":"https:\/\/stoic-curie.212-227-153-4.plesk.page\/de\/wp-json\/wp\/v2\/comments?post=3435377"}],"version-history":[{"count":0,"href":"https:\/\/stoic-curie.212-227-153-4.plesk.page\/de\/wp-json\/wp\/v2\/product\/3435377\/revisions"}],"wp:featuredmedia":[{"embeddable":true,"href":"https:\/\/stoic-curie.212-227-153-4.plesk.page\/de\/wp-json\/wp\/v2\/media\/5946819"}],"wp:attachment":[{"href":"https:\/\/stoic-curie.212-227-153-4.plesk.page\/de\/wp-json\/wp\/v2\/media?parent=3435377"}],"wp:term":[{"taxonomy":"product_brand","embeddable":true,"href":"https:\/\/stoic-curie.212-227-153-4.plesk.page\/de\/wp-json\/wp\/v2\/product_brand?post=3435377"},{"taxonomy":"product_cat","embeddable":true,"href":"https:\/\/stoic-curie.212-227-153-4.plesk.page\/de\/wp-json\/wp\/v2\/product_cat?post=3435377"},{"taxonomy":"product_tag","embeddable":true,"href":"https:\/\/stoic-curie.212-227-153-4.plesk.page\/de\/wp-json\/wp\/v2\/product_tag?post=3435377"}],"curies":[{"name":"wp","href":"https:\/\/api.w.org\/{rel}","templated":true}]}}