{"id":3435436,"date":"2025-10-09T22:59:59","date_gmt":"2025-10-10T02:59:59","guid":{"rendered":"https:\/\/stoic-curie.212-227-153-4.plesk.page\/product\/schleifscheiben-3m-325u-150mm-p320\/"},"modified":"2026-02-24T23:35:16","modified_gmt":"2026-02-24T23:35:16","slug":"schleifscheiben-3m-325u-150mm-p320","status":"publish","type":"product","link":"https:\/\/stoic-curie.212-227-153-4.plesk.page\/de\/product\/schleifscheiben-3m-325u-150mm-p320\/","title":{"rendered":"Schleifscheiben 3M 325U 150mm P320"},"content":{"rendered":"<p>Schleifscheiben 3M 325U 150mm P320 &#8211; <\/p>\n<p>3M mehrlochige 325U Hookit Schleifscheiben aus synthetischem Keramikmineral, das ein schnelleres Schneiden und eine l\u00e4ngere Lebensdauer garantiert. Die spiralige Mehrlochung gew\u00e4hrleistet eine optimale Staubabsaugung. Hookit Velcro-Befestigungssystem. Ideal zur Vorbereitung von Oberfl\u00e4chen, Schleifen von Grundierungen, Farben, Gelcoats und Epoxiden. Geliefert in Paketen mit 100 St\u00fcck.<\/p>\n","protected":false},"excerpt":{"rendered":"<p>Schleifscheiben 3M 325U 150mm P320 &#8211; 3M mehrlochige 325U Hookit Schleifscheiben aus synthetischem Keramikmineral, das ein schnelleres Schneiden und eine<\/p>\n","protected":false},"featured_media":5946825,"comment_status":"closed","ping_status":"closed","template":"","meta":[],"product_brand":[2770],"product_cat":[1345],"product_tag":[],"class_list":{"0":"post-3435436","1":"product","2":"type-product","3":"status-publish","4":"has-post-thumbnail","6":"product_brand-3m-marine-de","7":"product_cat-malerwerkzeug","9":"first","10":"instock","11":"shipping-taxable","12":"purchasable","13":"product-type-simple"},"_links":{"self":[{"href":"https:\/\/stoic-curie.212-227-153-4.plesk.page\/de\/wp-json\/wp\/v2\/product\/3435436","targetHints":{"allow":["GET"]}}],"collection":[{"href":"https:\/\/stoic-curie.212-227-153-4.plesk.page\/de\/wp-json\/wp\/v2\/product"}],"about":[{"href":"https:\/\/stoic-curie.212-227-153-4.plesk.page\/de\/wp-json\/wp\/v2\/types\/product"}],"replies":[{"embeddable":true,"href":"https:\/\/stoic-curie.212-227-153-4.plesk.page\/de\/wp-json\/wp\/v2\/comments?post=3435436"}],"version-history":[{"count":0,"href":"https:\/\/stoic-curie.212-227-153-4.plesk.page\/de\/wp-json\/wp\/v2\/product\/3435436\/revisions"}],"wp:featuredmedia":[{"embeddable":true,"href":"https:\/\/stoic-curie.212-227-153-4.plesk.page\/de\/wp-json\/wp\/v2\/media\/5946825"}],"wp:attachment":[{"href":"https:\/\/stoic-curie.212-227-153-4.plesk.page\/de\/wp-json\/wp\/v2\/media?parent=3435436"}],"wp:term":[{"taxonomy":"product_brand","embeddable":true,"href":"https:\/\/stoic-curie.212-227-153-4.plesk.page\/de\/wp-json\/wp\/v2\/product_brand?post=3435436"},{"taxonomy":"product_cat","embeddable":true,"href":"https:\/\/stoic-curie.212-227-153-4.plesk.page\/de\/wp-json\/wp\/v2\/product_cat?post=3435436"},{"taxonomy":"product_tag","embeddable":true,"href":"https:\/\/stoic-curie.212-227-153-4.plesk.page\/de\/wp-json\/wp\/v2\/product_tag?post=3435436"}],"curies":[{"name":"wp","href":"https:\/\/api.w.org\/{rel}","templated":true}]}}