{"id":3435446,"date":"2025-10-09T22:59:59","date_gmt":"2025-10-10T02:59:59","guid":{"rendered":"https:\/\/stoic-curie.212-227-153-4.plesk.page\/product\/schleifscheiben-3m-325u-150mm-p500\/"},"modified":"2026-02-24T23:35:16","modified_gmt":"2026-02-24T23:35:16","slug":"schleifscheiben-3m-325u-150mm-p500","status":"publish","type":"product","link":"https:\/\/stoic-curie.212-227-153-4.plesk.page\/de\/product\/schleifscheiben-3m-325u-150mm-p500\/","title":{"rendered":"Schleifscheiben 3M 325U 150mm P500"},"content":{"rendered":"<p>Schleifscheiben 3M 325U 150mm P500 &#8211; <\/p>\n<p>3M Mehrfach-perforierte 325U Hookit Schleifscheiben aus synthetischem keramischem Material, das einen schnelleren Schnitt und eine l\u00e4ngere Lebensdauer garantiert. Die spiralf\u00f6rmige Mehrfachperforation sorgt f\u00fcr eine optimale Staubabsaugung. Hookit Klettverschluss-System. Ideal zur Vorbereitung von Oberfl\u00e4chen, Schleifen von Untergr\u00fcnden, Grundierungen, Farben, Gelcoats und Epoxiden. Lieferung erfolgt in Verpackungen zu 100 St\u00fcck.<\/p>\n","protected":false},"excerpt":{"rendered":"<p>Schleifscheiben 3M 325U 150mm P500 &#8211; 3M Mehrfach-perforierte 325U Hookit Schleifscheiben aus synthetischem keramischem Material, das einen schnelleren Schnitt und<\/p>\n","protected":false},"featured_media":5946825,"comment_status":"closed","ping_status":"closed","template":"","meta":[],"product_brand":[2770],"product_cat":[1345],"product_tag":[],"class_list":{"0":"post-3435446","1":"product","2":"type-product","3":"status-publish","4":"has-post-thumbnail","6":"product_brand-3m-marine-de","7":"product_cat-malerwerkzeug","9":"first","10":"instock","11":"shipping-taxable","12":"purchasable","13":"product-type-simple"},"_links":{"self":[{"href":"https:\/\/stoic-curie.212-227-153-4.plesk.page\/de\/wp-json\/wp\/v2\/product\/3435446","targetHints":{"allow":["GET"]}}],"collection":[{"href":"https:\/\/stoic-curie.212-227-153-4.plesk.page\/de\/wp-json\/wp\/v2\/product"}],"about":[{"href":"https:\/\/stoic-curie.212-227-153-4.plesk.page\/de\/wp-json\/wp\/v2\/types\/product"}],"replies":[{"embeddable":true,"href":"https:\/\/stoic-curie.212-227-153-4.plesk.page\/de\/wp-json\/wp\/v2\/comments?post=3435446"}],"version-history":[{"count":0,"href":"https:\/\/stoic-curie.212-227-153-4.plesk.page\/de\/wp-json\/wp\/v2\/product\/3435446\/revisions"}],"wp:featuredmedia":[{"embeddable":true,"href":"https:\/\/stoic-curie.212-227-153-4.plesk.page\/de\/wp-json\/wp\/v2\/media\/5946825"}],"wp:attachment":[{"href":"https:\/\/stoic-curie.212-227-153-4.plesk.page\/de\/wp-json\/wp\/v2\/media?parent=3435446"}],"wp:term":[{"taxonomy":"product_brand","embeddable":true,"href":"https:\/\/stoic-curie.212-227-153-4.plesk.page\/de\/wp-json\/wp\/v2\/product_brand?post=3435446"},{"taxonomy":"product_cat","embeddable":true,"href":"https:\/\/stoic-curie.212-227-153-4.plesk.page\/de\/wp-json\/wp\/v2\/product_cat?post=3435446"},{"taxonomy":"product_tag","embeddable":true,"href":"https:\/\/stoic-curie.212-227-153-4.plesk.page\/de\/wp-json\/wp\/v2\/product_tag?post=3435446"}],"curies":[{"name":"wp","href":"https:\/\/api.w.org\/{rel}","templated":true}]}}