{"id":3435472,"date":"2025-10-09T23:00:00","date_gmt":"2025-10-10T03:00:00","guid":{"rendered":"https:\/\/stoic-curie.212-227-153-4.plesk.page\/product\/seilreiniger-boatasy\/"},"modified":"2026-02-24T23:35:16","modified_gmt":"2026-02-24T23:35:16","slug":"seilreiniger-boatasy","status":"publish","type":"product","link":"https:\/\/stoic-curie.212-227-153-4.plesk.page\/de\/product\/seilreiniger-boatasy\/","title":{"rendered":"Seilreiniger Boatasy"},"content":{"rendered":"<p>Seilreiniger Boatasy &#8211; <\/p>\n<p>Schaberwerkzeug zum Reinigen von Mooring-Linien und anderen Seilen, die mit Algen, Muscheln und Schmutz bedeckt sind. Einfach, schnell und sauber in der Nutzung: F\u00fchren Sie das Seil einfach durch die Spirale, um eine vollst\u00e4ndige Entfernung der Vegetation zu erreichen. Vermeidet Hautscheuern und h\u00e4lt die Festmachereinrichtungen sauber. Geeignet f\u00fcr alle Leinen bis zu 32 mm.<\/p>\n","protected":false},"excerpt":{"rendered":"<p>Seilreiniger Boatasy &#8211; Schaberwerkzeug zum Reinigen von Mooring-Linien und anderen Seilen, die mit Algen, Muscheln und Schmutz bedeckt sind. Einfach,<\/p>\n","protected":false},"featured_media":5946836,"comment_status":"closed","ping_status":"closed","template":"","meta":[],"product_brand":[2835],"product_cat":[1575,1335,1326],"product_tag":[],"class_list":{"0":"post-3435472","1":"product","2":"type-product","3":"status-publish","4":"has-post-thumbnail","6":"product_brand-boatasy-de","7":"product_cat-ankerseile","8":"product_cat-anlege-und-festmacherleinen","9":"product_cat-splicing-werkzeuge","11":"first","12":"instock","13":"shipping-taxable","14":"purchasable","15":"product-type-simple"},"_links":{"self":[{"href":"https:\/\/stoic-curie.212-227-153-4.plesk.page\/de\/wp-json\/wp\/v2\/product\/3435472","targetHints":{"allow":["GET"]}}],"collection":[{"href":"https:\/\/stoic-curie.212-227-153-4.plesk.page\/de\/wp-json\/wp\/v2\/product"}],"about":[{"href":"https:\/\/stoic-curie.212-227-153-4.plesk.page\/de\/wp-json\/wp\/v2\/types\/product"}],"replies":[{"embeddable":true,"href":"https:\/\/stoic-curie.212-227-153-4.plesk.page\/de\/wp-json\/wp\/v2\/comments?post=3435472"}],"version-history":[{"count":0,"href":"https:\/\/stoic-curie.212-227-153-4.plesk.page\/de\/wp-json\/wp\/v2\/product\/3435472\/revisions"}],"wp:featuredmedia":[{"embeddable":true,"href":"https:\/\/stoic-curie.212-227-153-4.plesk.page\/de\/wp-json\/wp\/v2\/media\/5946836"}],"wp:attachment":[{"href":"https:\/\/stoic-curie.212-227-153-4.plesk.page\/de\/wp-json\/wp\/v2\/media?parent=3435472"}],"wp:term":[{"taxonomy":"product_brand","embeddable":true,"href":"https:\/\/stoic-curie.212-227-153-4.plesk.page\/de\/wp-json\/wp\/v2\/product_brand?post=3435472"},{"taxonomy":"product_cat","embeddable":true,"href":"https:\/\/stoic-curie.212-227-153-4.plesk.page\/de\/wp-json\/wp\/v2\/product_cat?post=3435472"},{"taxonomy":"product_tag","embeddable":true,"href":"https:\/\/stoic-curie.212-227-153-4.plesk.page\/de\/wp-json\/wp\/v2\/product_tag?post=3435472"}],"curies":[{"name":"wp","href":"https:\/\/api.w.org\/{rel}","templated":true}]}}