{"id":3435498,"date":"2025-10-09T23:00:01","date_gmt":"2025-10-10T03:00:01","guid":{"rendered":"https:\/\/stoic-curie.212-227-153-4.plesk.page\/product\/durchfuehrung-fuer-kabeldurchlass-roca-80-mm\/"},"modified":"2026-02-24T23:35:16","modified_gmt":"2026-02-24T23:35:16","slug":"durchfuehrung-fuer-kabeldurchlass-roca-80-mm","status":"publish","type":"product","link":"https:\/\/stoic-curie.212-227-153-4.plesk.page\/de\/product\/durchfuehrung-fuer-kabeldurchlass-roca-80-mm\/","title":{"rendered":"Durchf\u00fchrung f\u00fcr Kabeldurchlass Roca 80 mm"},"content":{"rendered":"<p>Durchf\u00fchrung f\u00fcr Kabeldurchlass Roca 80 mm &#8211; <\/p>\n<p>Scheibenwischer-Waschspr\u00fchd\u00fcsen mit 4 mm Rohr-zu-Schlauch, komplett mit 110 cm Schlauch. M8-Gewinde-Durchf\u00fchrung mit 4 mm Rohr-zu-Schlauch. 5 Meter EPDM-Gummiwasserschlauch mit UV-Schutz, Durchmesser 4 mm, au\u00dfen 7 mm.<\/p>\n","protected":false},"excerpt":{"rendered":"<p>Durchf\u00fchrung f\u00fcr Kabeldurchlass Roca 80 mm &#8211; Scheibenwischer-Waschspr\u00fchd\u00fcsen mit 4 mm Rohr-zu-Schlauch, komplett mit 110 cm Schlauch. M8-Gewinde-Durchf\u00fchrung mit 4<\/p>\n","protected":false},"featured_media":5946844,"comment_status":"closed","ping_status":"closed","template":"","meta":[],"product_brand":[3315],"product_cat":[1448],"product_tag":[],"class_list":{"0":"post-3435498","1":"product","2":"type-product","3":"status-publish","4":"has-post-thumbnail","6":"product_brand-roca-marine-de","7":"product_cat-scheibenwischer","9":"first","10":"instock","11":"shipping-taxable","12":"purchasable","13":"product-type-simple"},"_links":{"self":[{"href":"https:\/\/stoic-curie.212-227-153-4.plesk.page\/de\/wp-json\/wp\/v2\/product\/3435498","targetHints":{"allow":["GET"]}}],"collection":[{"href":"https:\/\/stoic-curie.212-227-153-4.plesk.page\/de\/wp-json\/wp\/v2\/product"}],"about":[{"href":"https:\/\/stoic-curie.212-227-153-4.plesk.page\/de\/wp-json\/wp\/v2\/types\/product"}],"replies":[{"embeddable":true,"href":"https:\/\/stoic-curie.212-227-153-4.plesk.page\/de\/wp-json\/wp\/v2\/comments?post=3435498"}],"version-history":[{"count":0,"href":"https:\/\/stoic-curie.212-227-153-4.plesk.page\/de\/wp-json\/wp\/v2\/product\/3435498\/revisions"}],"wp:featuredmedia":[{"embeddable":true,"href":"https:\/\/stoic-curie.212-227-153-4.plesk.page\/de\/wp-json\/wp\/v2\/media\/5946844"}],"wp:attachment":[{"href":"https:\/\/stoic-curie.212-227-153-4.plesk.page\/de\/wp-json\/wp\/v2\/media?parent=3435498"}],"wp:term":[{"taxonomy":"product_brand","embeddable":true,"href":"https:\/\/stoic-curie.212-227-153-4.plesk.page\/de\/wp-json\/wp\/v2\/product_brand?post=3435498"},{"taxonomy":"product_cat","embeddable":true,"href":"https:\/\/stoic-curie.212-227-153-4.plesk.page\/de\/wp-json\/wp\/v2\/product_cat?post=3435498"},{"taxonomy":"product_tag","embeddable":true,"href":"https:\/\/stoic-curie.212-227-153-4.plesk.page\/de\/wp-json\/wp\/v2\/product_tag?post=3435498"}],"curies":[{"name":"wp","href":"https:\/\/api.w.org\/{rel}","templated":true}]}}