{"id":3435506,"date":"2025-10-09T23:00:02","date_gmt":"2025-10-10T03:00:02","guid":{"rendered":"https:\/\/stoic-curie.212-227-153-4.plesk.page\/product\/sicherungshalter-fuer-10-standard-unival-sicherungen-85-x-100-x-h35mm\/"},"modified":"2026-02-24T23:35:16","modified_gmt":"2026-02-24T23:35:16","slug":"sicherungshalter-fuer-10-standard-unival-sicherungen-85-x-100-x-h35mm","status":"publish","type":"product","link":"https:\/\/stoic-curie.212-227-153-4.plesk.page\/de\/product\/sicherungshalter-fuer-10-standard-unival-sicherungen-85-x-100-x-h35mm\/","title":{"rendered":"Sicherungshalter f\u00fcr 10 Standard (Unival) Sicherungen, 85 x 100 x H35mm"},"content":{"rendered":"<p>Sicherungshalter f\u00fcr 10 Standard (Unival) Sicherungen, 85 x 100 x H35mm &#8211; <\/p>\n<p>Standard-MIDI-Sicherungshalter mit gemeinsamem Plus. LED-Alarmausl\u00f6ser, der aktiviert wird, wenn die Sicherung durchgebrannt ist. Transparente Schutzabdeckung. Selbstklebende Etiketten mit Nutzungssymbolen. Schraubanschl\u00fcsse f\u00fcr zus\u00e4tzliche Sicherheit.<\/p>\n","protected":false},"excerpt":{"rendered":"<p>Sicherungshalter f\u00fcr 10 Standard (Unival) Sicherungen, 85 x 100 x H35mm &#8211; Standard-MIDI-Sicherungshalter mit gemeinsamem Plus. LED-Alarmausl\u00f6ser, der aktiviert wird,<\/p>\n","protected":false},"featured_media":5946830,"comment_status":"closed","ping_status":"closed","template":"","meta":[],"product_brand":[2830],"product_cat":[1453],"product_tag":[],"class_list":{"0":"post-3435506","1":"product","2":"type-product","3":"status-publish","4":"has-post-thumbnail","6":"product_brand-blue-sea-systems-de","7":"product_cat-elektrozubehoer","9":"first","10":"instock","11":"shipping-taxable","12":"purchasable","13":"product-type-simple"},"_links":{"self":[{"href":"https:\/\/stoic-curie.212-227-153-4.plesk.page\/de\/wp-json\/wp\/v2\/product\/3435506","targetHints":{"allow":["GET"]}}],"collection":[{"href":"https:\/\/stoic-curie.212-227-153-4.plesk.page\/de\/wp-json\/wp\/v2\/product"}],"about":[{"href":"https:\/\/stoic-curie.212-227-153-4.plesk.page\/de\/wp-json\/wp\/v2\/types\/product"}],"replies":[{"embeddable":true,"href":"https:\/\/stoic-curie.212-227-153-4.plesk.page\/de\/wp-json\/wp\/v2\/comments?post=3435506"}],"version-history":[{"count":0,"href":"https:\/\/stoic-curie.212-227-153-4.plesk.page\/de\/wp-json\/wp\/v2\/product\/3435506\/revisions"}],"wp:featuredmedia":[{"embeddable":true,"href":"https:\/\/stoic-curie.212-227-153-4.plesk.page\/de\/wp-json\/wp\/v2\/media\/5946830"}],"wp:attachment":[{"href":"https:\/\/stoic-curie.212-227-153-4.plesk.page\/de\/wp-json\/wp\/v2\/media?parent=3435506"}],"wp:term":[{"taxonomy":"product_brand","embeddable":true,"href":"https:\/\/stoic-curie.212-227-153-4.plesk.page\/de\/wp-json\/wp\/v2\/product_brand?post=3435506"},{"taxonomy":"product_cat","embeddable":true,"href":"https:\/\/stoic-curie.212-227-153-4.plesk.page\/de\/wp-json\/wp\/v2\/product_cat?post=3435506"},{"taxonomy":"product_tag","embeddable":true,"href":"https:\/\/stoic-curie.212-227-153-4.plesk.page\/de\/wp-json\/wp\/v2\/product_tag?post=3435506"}],"curies":[{"name":"wp","href":"https:\/\/api.w.org\/{rel}","templated":true}]}}