{"id":3435550,"date":"2025-10-09T23:00:03","date_gmt":"2025-10-10T03:00:03","guid":{"rendered":"https:\/\/stoic-curie.212-227-153-4.plesk.page\/product\/segelhandschuhe-musto-essential-3-4-groesse-xxl\/"},"modified":"2026-02-24T23:35:16","modified_gmt":"2026-02-24T23:35:16","slug":"segelhandschuhe-musto-essential-3-4-groesse-xxl","status":"publish","type":"product","link":"https:\/\/stoic-curie.212-227-153-4.plesk.page\/de\/product\/segelhandschuhe-musto-essential-3-4-groesse-xxl\/","title":{"rendered":"Segelhandschuhe Musto Essential 3\/4 &#8211; Gr\u00f6\u00dfe : XXL"},"content":{"rendered":"<p>Segelhandschuhe Musto Essential 3\/4 &#8211; Gr\u00f6\u00dfe : XXL &#8211; <\/p>\n<p>Musto Essential Segelhandschuhe aus 4-Wege-Stretch-Dynamik-Mesh-Konstruktion, die atmungsaktiven, anatomischen Komfort und vollst\u00e4ndige Bewegungsfreiheit gew\u00e4hrleisten. Strategisch platzierte Schutzpanele erh\u00f6hen die Langlebigkeit, w\u00e4hrend \u00fcbergro\u00dfe Velcroverschlussriegel am Handgelenk W\u00e4rme speichern und eine ma\u00dfgeschneiderte Passform bieten.<\/p>\n","protected":false},"excerpt":{"rendered":"<p>Segelhandschuhe Musto Essential 3\/4 &#8211; Gr\u00f6\u00dfe : XXL &#8211; Musto Essential Segelhandschuhe aus 4-Wege-Stretch-Dynamik-Mesh-Konstruktion, die atmungsaktiven, anatomischen Komfort und vollst\u00e4ndige<\/p>\n","protected":false},"featured_media":5946845,"comment_status":"closed","ping_status":"closed","template":"","meta":[],"product_brand":[3155],"product_cat":[1567,1571],"product_tag":[],"class_list":{"0":"post-3435550","1":"product","2":"type-product","3":"status-publish","4":"has-post-thumbnail","6":"product_brand-musto-de","7":"product_cat-segelbekleidung-musto","8":"product_cat-segelhandschuhe","10":"first","11":"instock","12":"shipping-taxable","13":"purchasable","14":"product-type-simple"},"_links":{"self":[{"href":"https:\/\/stoic-curie.212-227-153-4.plesk.page\/de\/wp-json\/wp\/v2\/product\/3435550","targetHints":{"allow":["GET"]}}],"collection":[{"href":"https:\/\/stoic-curie.212-227-153-4.plesk.page\/de\/wp-json\/wp\/v2\/product"}],"about":[{"href":"https:\/\/stoic-curie.212-227-153-4.plesk.page\/de\/wp-json\/wp\/v2\/types\/product"}],"replies":[{"embeddable":true,"href":"https:\/\/stoic-curie.212-227-153-4.plesk.page\/de\/wp-json\/wp\/v2\/comments?post=3435550"}],"version-history":[{"count":0,"href":"https:\/\/stoic-curie.212-227-153-4.plesk.page\/de\/wp-json\/wp\/v2\/product\/3435550\/revisions"}],"wp:featuredmedia":[{"embeddable":true,"href":"https:\/\/stoic-curie.212-227-153-4.plesk.page\/de\/wp-json\/wp\/v2\/media\/5946845"}],"wp:attachment":[{"href":"https:\/\/stoic-curie.212-227-153-4.plesk.page\/de\/wp-json\/wp\/v2\/media?parent=3435550"}],"wp:term":[{"taxonomy":"product_brand","embeddable":true,"href":"https:\/\/stoic-curie.212-227-153-4.plesk.page\/de\/wp-json\/wp\/v2\/product_brand?post=3435550"},{"taxonomy":"product_cat","embeddable":true,"href":"https:\/\/stoic-curie.212-227-153-4.plesk.page\/de\/wp-json\/wp\/v2\/product_cat?post=3435550"},{"taxonomy":"product_tag","embeddable":true,"href":"https:\/\/stoic-curie.212-227-153-4.plesk.page\/de\/wp-json\/wp\/v2\/product_tag?post=3435550"}],"curies":[{"name":"wp","href":"https:\/\/api.w.org\/{rel}","templated":true}]}}