{"id":3435630,"date":"2025-10-09T23:00:06","date_gmt":"2025-10-10T03:00:06","guid":{"rendered":"https:\/\/stoic-curie.212-227-153-4.plesk.page\/product\/wasserdichtmittel-star-brite-650ml\/"},"modified":"2026-02-24T23:35:16","modified_gmt":"2026-02-24T23:35:16","slug":"wasserdichtmittel-star-brite-650ml","status":"publish","type":"product","link":"https:\/\/stoic-curie.212-227-153-4.plesk.page\/de\/product\/wasserdichtmittel-star-brite-650ml\/","title":{"rendered":"Wasserdichtmittel Star Brite 650ml"},"content":{"rendered":"<p>Wasserdichtmittel Star Brite 650ml &#8211; <\/p>\n<p>\u00e2\u0080\u00a2 Wasserbasierte Impr\u00e4gnierung f\u00fcr Materialien, die nicht mit L\u00f6sungsmitteln kompatibel sind<br \/>\u00e2\u0080\u00a2 F\u00fcr Bootsabdeckungen, Bimini-\u00dcberz\u00fcge, Segelabdeckungen, Kleidung und Zelte<br \/>\u00e2\u0080\u00a2 Ver\u00e4ndert nicht die Farbe oder das Gef\u00fchl des Gewebes<\/p>\n","protected":false},"excerpt":{"rendered":"<p>Wasserdichtmittel Star Brite 650ml &#8211; \u00e2\u0080\u00a2 Wasserbasierte Impr\u00e4gnierung f\u00fcr Materialien, die nicht mit L\u00f6sungsmitteln kompatibel sind\u00e2\u0080\u00a2 F\u00fcr Bootsabdeckungen, Bimini-\u00dcberz\u00fcge, Segelabdeckungen,<\/p>\n","protected":false},"featured_media":5946854,"comment_status":"closed","ping_status":"closed","template":"","meta":[],"product_brand":[3435],"product_cat":[1396,1339],"product_tag":[],"class_list":{"0":"post-3435630","1":"product","2":"type-product","3":"status-publish","4":"has-post-thumbnail","6":"product_brand-starbrite-de","7":"product_cat-bootabdeckungen","8":"product_cat-produkte-zur-wartung","10":"first","11":"instock","12":"shipping-taxable","13":"purchasable","14":"product-type-simple"},"_links":{"self":[{"href":"https:\/\/stoic-curie.212-227-153-4.plesk.page\/de\/wp-json\/wp\/v2\/product\/3435630","targetHints":{"allow":["GET"]}}],"collection":[{"href":"https:\/\/stoic-curie.212-227-153-4.plesk.page\/de\/wp-json\/wp\/v2\/product"}],"about":[{"href":"https:\/\/stoic-curie.212-227-153-4.plesk.page\/de\/wp-json\/wp\/v2\/types\/product"}],"replies":[{"embeddable":true,"href":"https:\/\/stoic-curie.212-227-153-4.plesk.page\/de\/wp-json\/wp\/v2\/comments?post=3435630"}],"version-history":[{"count":0,"href":"https:\/\/stoic-curie.212-227-153-4.plesk.page\/de\/wp-json\/wp\/v2\/product\/3435630\/revisions"}],"wp:featuredmedia":[{"embeddable":true,"href":"https:\/\/stoic-curie.212-227-153-4.plesk.page\/de\/wp-json\/wp\/v2\/media\/5946854"}],"wp:attachment":[{"href":"https:\/\/stoic-curie.212-227-153-4.plesk.page\/de\/wp-json\/wp\/v2\/media?parent=3435630"}],"wp:term":[{"taxonomy":"product_brand","embeddable":true,"href":"https:\/\/stoic-curie.212-227-153-4.plesk.page\/de\/wp-json\/wp\/v2\/product_brand?post=3435630"},{"taxonomy":"product_cat","embeddable":true,"href":"https:\/\/stoic-curie.212-227-153-4.plesk.page\/de\/wp-json\/wp\/v2\/product_cat?post=3435630"},{"taxonomy":"product_tag","embeddable":true,"href":"https:\/\/stoic-curie.212-227-153-4.plesk.page\/de\/wp-json\/wp\/v2\/product_tag?post=3435630"}],"curies":[{"name":"wp","href":"https:\/\/api.w.org\/{rel}","templated":true}]}}