{"id":3435666,"date":"2025-10-09T23:00:08","date_gmt":"2025-10-10T03:00:08","guid":{"rendered":"https:\/\/stoic-curie.212-227-153-4.plesk.page\/product\/schuessel-mb-venezia-27-x-9-cm-2-stueck\/"},"modified":"2026-02-24T23:35:16","modified_gmt":"2026-02-24T23:35:16","slug":"schuessel-mb-venezia-27-x-9-cm-2-stueck","status":"publish","type":"product","link":"https:\/\/stoic-curie.212-227-153-4.plesk.page\/de\/product\/schuessel-mb-venezia-27-x-9-cm-2-stueck\/","title":{"rendered":"Sch\u00fcssel MB Venezia 27 x 9 cm 2 St\u00fcck"},"content":{"rendered":"<p>Sch\u00fcssel MB Venezia 27 x 9 cm 2 St\u00fcck &#8211; <\/p>\n<p>Venezia dekoriertes Snacksch\u00fcssel-Set mit rechteckiger Unterlage. Hergestellt aus 100% zertifiziertem lebensmittelsicherem Melamin. Sp\u00fclmaschinenfest, bruchfest und fleckenresistent. 2 Teile\/Satz.<\/p>\n","protected":false},"excerpt":{"rendered":"<p>Sch\u00fcssel MB Venezia 27 x 9 cm 2 St\u00fcck &#8211; Venezia dekoriertes Snacksch\u00fcssel-Set mit rechteckiger Unterlage. Hergestellt aus 100% zertifiziertem<\/p>\n","protected":false},"featured_media":5946857,"comment_status":"closed","ping_status":"closed","template":"","meta":[],"product_brand":[3110],"product_cat":[1358],"product_tag":[],"class_list":{"0":"post-3435666","1":"product","2":"type-product","3":"status-publish","4":"has-post-thumbnail","6":"product_brand-marine-business-mb-de","7":"product_cat-bootsgeschirr","9":"first","10":"instock","11":"shipping-taxable","12":"purchasable","13":"product-type-simple"},"_links":{"self":[{"href":"https:\/\/stoic-curie.212-227-153-4.plesk.page\/de\/wp-json\/wp\/v2\/product\/3435666","targetHints":{"allow":["GET"]}}],"collection":[{"href":"https:\/\/stoic-curie.212-227-153-4.plesk.page\/de\/wp-json\/wp\/v2\/product"}],"about":[{"href":"https:\/\/stoic-curie.212-227-153-4.plesk.page\/de\/wp-json\/wp\/v2\/types\/product"}],"replies":[{"embeddable":true,"href":"https:\/\/stoic-curie.212-227-153-4.plesk.page\/de\/wp-json\/wp\/v2\/comments?post=3435666"}],"version-history":[{"count":0,"href":"https:\/\/stoic-curie.212-227-153-4.plesk.page\/de\/wp-json\/wp\/v2\/product\/3435666\/revisions"}],"wp:featuredmedia":[{"embeddable":true,"href":"https:\/\/stoic-curie.212-227-153-4.plesk.page\/de\/wp-json\/wp\/v2\/media\/5946857"}],"wp:attachment":[{"href":"https:\/\/stoic-curie.212-227-153-4.plesk.page\/de\/wp-json\/wp\/v2\/media?parent=3435666"}],"wp:term":[{"taxonomy":"product_brand","embeddable":true,"href":"https:\/\/stoic-curie.212-227-153-4.plesk.page\/de\/wp-json\/wp\/v2\/product_brand?post=3435666"},{"taxonomy":"product_cat","embeddable":true,"href":"https:\/\/stoic-curie.212-227-153-4.plesk.page\/de\/wp-json\/wp\/v2\/product_cat?post=3435666"},{"taxonomy":"product_tag","embeddable":true,"href":"https:\/\/stoic-curie.212-227-153-4.plesk.page\/de\/wp-json\/wp\/v2\/product_tag?post=3435666"}],"curies":[{"name":"wp","href":"https:\/\/api.w.org\/{rel}","templated":true}]}}