{"id":3435744,"date":"2025-10-09T23:00:11","date_gmt":"2025-10-10T03:00:11","guid":{"rendered":"https:\/\/stoic-curie.212-227-153-4.plesk.page\/product\/t-shirt-musto-evolution-sunblock-2-0-blau-groesse-xl\/"},"modified":"2026-02-24T23:35:16","modified_gmt":"2026-02-24T23:35:16","slug":"t-shirt-musto-evolution-sunblock-2-0-blau-groesse-xl","status":"publish","type":"product","link":"https:\/\/stoic-curie.212-227-153-4.plesk.page\/de\/product\/t-shirt-musto-evolution-sunblock-2-0-blau-groesse-xl\/","title":{"rendered":"T-Shirt Musto Evolution Sunblock 2.0 Blau &#8211; Gr\u00f6\u00dfe: XL"},"content":{"rendered":"<p>T-Shirt Musto Evolution Sunblock 2.0 Blau &#8211; Gr\u00f6\u00dfe: XL &#8211; <\/p>\n<p>Das Musto Evolution Sunblock T-Shirt bietet eine bemerkenswerte Struktur aus UPF40-Polyester und Elasthan f\u00fcr maximalen Schutz bei starker Sonneneinstrahlung. Die flachgen\u00e4hten N\u00e4hte sind kaum sp\u00fcrbar auf der Haut und sorgen somit f\u00fcr h\u00f6chsten Tragekomfort.<\/p>\n","protected":false},"excerpt":{"rendered":"<p>T-Shirt Musto Evolution Sunblock 2.0 Blau &#8211; Gr\u00f6\u00dfe: XL &#8211; Das Musto Evolution Sunblock T-Shirt bietet eine bemerkenswerte Struktur aus<\/p>\n","protected":false},"featured_media":5946871,"comment_status":"closed","ping_status":"closed","template":"","meta":[],"product_brand":[3155],"product_cat":[3911],"product_tag":[],"class_list":{"0":"post-3435744","1":"product","2":"type-product","3":"status-publish","4":"has-post-thumbnail","6":"product_brand-musto-de","7":"product_cat-accessories","9":"first","10":"instock","11":"shipping-taxable","12":"purchasable","13":"product-type-simple"},"_links":{"self":[{"href":"https:\/\/stoic-curie.212-227-153-4.plesk.page\/de\/wp-json\/wp\/v2\/product\/3435744","targetHints":{"allow":["GET"]}}],"collection":[{"href":"https:\/\/stoic-curie.212-227-153-4.plesk.page\/de\/wp-json\/wp\/v2\/product"}],"about":[{"href":"https:\/\/stoic-curie.212-227-153-4.plesk.page\/de\/wp-json\/wp\/v2\/types\/product"}],"replies":[{"embeddable":true,"href":"https:\/\/stoic-curie.212-227-153-4.plesk.page\/de\/wp-json\/wp\/v2\/comments?post=3435744"}],"version-history":[{"count":0,"href":"https:\/\/stoic-curie.212-227-153-4.plesk.page\/de\/wp-json\/wp\/v2\/product\/3435744\/revisions"}],"wp:featuredmedia":[{"embeddable":true,"href":"https:\/\/stoic-curie.212-227-153-4.plesk.page\/de\/wp-json\/wp\/v2\/media\/5946871"}],"wp:attachment":[{"href":"https:\/\/stoic-curie.212-227-153-4.plesk.page\/de\/wp-json\/wp\/v2\/media?parent=3435744"}],"wp:term":[{"taxonomy":"product_brand","embeddable":true,"href":"https:\/\/stoic-curie.212-227-153-4.plesk.page\/de\/wp-json\/wp\/v2\/product_brand?post=3435744"},{"taxonomy":"product_cat","embeddable":true,"href":"https:\/\/stoic-curie.212-227-153-4.plesk.page\/de\/wp-json\/wp\/v2\/product_cat?post=3435744"},{"taxonomy":"product_tag","embeddable":true,"href":"https:\/\/stoic-curie.212-227-153-4.plesk.page\/de\/wp-json\/wp\/v2\/product_tag?post=3435744"}],"curies":[{"name":"wp","href":"https:\/\/api.w.org\/{rel}","templated":true}]}}