{"id":3435927,"date":"2025-10-09T23:00:18","date_gmt":"2025-10-10T03:00:18","guid":{"rendered":"https:\/\/stoic-curie.212-227-153-4.plesk.page\/product\/jobe-sup-cargo-net\/"},"modified":"2026-02-24T23:35:16","modified_gmt":"2026-02-24T23:35:16","slug":"jobe-sup-cargo-net","status":"publish","type":"product","link":"https:\/\/stoic-curie.212-227-153-4.plesk.page\/de\/product\/jobe-sup-cargo-net\/","title":{"rendered":"Jobe Sup Cargo Net"},"content":{"rendered":"<p>Jobe Sup Cargo Net &#8211; <\/p>\n<p>Das Jobe SUP-Cargo-Netz zum Verstauen von Flaschen oder anderen Accessoires verf\u00fcgt \u00fcber eine Handytasche mit wasserabweisendem Rei\u00dfverschluss und ein Bungee-Seil mit 4 Haken, um das Cargo-Netz am SUP zu befestigen.<\/p>\n","protected":false},"excerpt":{"rendered":"<p>Jobe Sup Cargo Net &#8211; Das Jobe SUP-Cargo-Netz zum Verstauen von Flaschen oder anderen Accessoires verf\u00fcgt \u00fcber eine Handytasche mit<\/p>\n","protected":false},"featured_media":5946912,"comment_status":"closed","ping_status":"closed","template":"","meta":[],"product_brand":[3040],"product_cat":[1558],"product_tag":[],"class_list":{"0":"post-3435927","1":"product","2":"type-product","3":"status-publish","4":"has-post-thumbnail","6":"product_brand-jobe-sports-de","7":"product_cat-stand-up-paddle","9":"first","10":"instock","11":"shipping-taxable","12":"purchasable","13":"product-type-simple"},"_links":{"self":[{"href":"https:\/\/stoic-curie.212-227-153-4.plesk.page\/de\/wp-json\/wp\/v2\/product\/3435927","targetHints":{"allow":["GET"]}}],"collection":[{"href":"https:\/\/stoic-curie.212-227-153-4.plesk.page\/de\/wp-json\/wp\/v2\/product"}],"about":[{"href":"https:\/\/stoic-curie.212-227-153-4.plesk.page\/de\/wp-json\/wp\/v2\/types\/product"}],"replies":[{"embeddable":true,"href":"https:\/\/stoic-curie.212-227-153-4.plesk.page\/de\/wp-json\/wp\/v2\/comments?post=3435927"}],"version-history":[{"count":0,"href":"https:\/\/stoic-curie.212-227-153-4.plesk.page\/de\/wp-json\/wp\/v2\/product\/3435927\/revisions"}],"wp:featuredmedia":[{"embeddable":true,"href":"https:\/\/stoic-curie.212-227-153-4.plesk.page\/de\/wp-json\/wp\/v2\/media\/5946912"}],"wp:attachment":[{"href":"https:\/\/stoic-curie.212-227-153-4.plesk.page\/de\/wp-json\/wp\/v2\/media?parent=3435927"}],"wp:term":[{"taxonomy":"product_brand","embeddable":true,"href":"https:\/\/stoic-curie.212-227-153-4.plesk.page\/de\/wp-json\/wp\/v2\/product_brand?post=3435927"},{"taxonomy":"product_cat","embeddable":true,"href":"https:\/\/stoic-curie.212-227-153-4.plesk.page\/de\/wp-json\/wp\/v2\/product_cat?post=3435927"},{"taxonomy":"product_tag","embeddable":true,"href":"https:\/\/stoic-curie.212-227-153-4.plesk.page\/de\/wp-json\/wp\/v2\/product_tag?post=3435927"}],"curies":[{"name":"wp","href":"https:\/\/api.w.org\/{rel}","templated":true}]}}