{"id":3435945,"date":"2025-10-09T23:00:19","date_gmt":"2025-10-10T03:00:19","guid":{"rendered":"https:\/\/stoic-curie.212-227-153-4.plesk.page\/product\/schwarzer-edelstahl-getraenkehalter-roca-69mm\/"},"modified":"2026-02-24T23:35:16","modified_gmt":"2026-02-24T23:35:16","slug":"schwarzer-edelstahl-getraenkehalter-roca-69mm","status":"publish","type":"product","link":"https:\/\/stoic-curie.212-227-153-4.plesk.page\/de\/product\/schwarzer-edelstahl-getraenkehalter-roca-69mm\/","title":{"rendered":"Schwarzer Edelstahl-Getr\u00e4nkehalter Roca 69mm"},"content":{"rendered":"<p>Schwarzer Edelstahl-Getr\u00e4nkehalter Roca 69mm &#8211; <\/p>\n<p>Roca Glas- und Dosenhalter aus spiegelpoliertem Edelstahl oder aus schwarzem Edelstahl. Korrosionsbest\u00e4ndig und f\u00fcr die fl\u00e4chenb\u00fcndige Montage geeignet.<\/p>\n","protected":false},"excerpt":{"rendered":"<p>Schwarzer Edelstahl-Getr\u00e4nkehalter Roca 69mm &#8211; Roca Glas- und Dosenhalter aus spiegelpoliertem Edelstahl oder aus schwarzem Edelstahl. Korrosionsbest\u00e4ndig und f\u00fcr die<\/p>\n","protected":false},"featured_media":5946918,"comment_status":"closed","ping_status":"closed","template":"","meta":[],"product_brand":[3315],"product_cat":[1357],"product_tag":[],"class_list":{"0":"post-3435945","1":"product","2":"type-product","3":"status-publish","4":"has-post-thumbnail","6":"product_brand-roca-marine-de","7":"product_cat-aufbewahrungszubehoer","9":"first","10":"instock","11":"shipping-taxable","12":"purchasable","13":"product-type-simple"},"_links":{"self":[{"href":"https:\/\/stoic-curie.212-227-153-4.plesk.page\/de\/wp-json\/wp\/v2\/product\/3435945","targetHints":{"allow":["GET"]}}],"collection":[{"href":"https:\/\/stoic-curie.212-227-153-4.plesk.page\/de\/wp-json\/wp\/v2\/product"}],"about":[{"href":"https:\/\/stoic-curie.212-227-153-4.plesk.page\/de\/wp-json\/wp\/v2\/types\/product"}],"replies":[{"embeddable":true,"href":"https:\/\/stoic-curie.212-227-153-4.plesk.page\/de\/wp-json\/wp\/v2\/comments?post=3435945"}],"version-history":[{"count":0,"href":"https:\/\/stoic-curie.212-227-153-4.plesk.page\/de\/wp-json\/wp\/v2\/product\/3435945\/revisions"}],"wp:featuredmedia":[{"embeddable":true,"href":"https:\/\/stoic-curie.212-227-153-4.plesk.page\/de\/wp-json\/wp\/v2\/media\/5946918"}],"wp:attachment":[{"href":"https:\/\/stoic-curie.212-227-153-4.plesk.page\/de\/wp-json\/wp\/v2\/media?parent=3435945"}],"wp:term":[{"taxonomy":"product_brand","embeddable":true,"href":"https:\/\/stoic-curie.212-227-153-4.plesk.page\/de\/wp-json\/wp\/v2\/product_brand?post=3435945"},{"taxonomy":"product_cat","embeddable":true,"href":"https:\/\/stoic-curie.212-227-153-4.plesk.page\/de\/wp-json\/wp\/v2\/product_cat?post=3435945"},{"taxonomy":"product_tag","embeddable":true,"href":"https:\/\/stoic-curie.212-227-153-4.plesk.page\/de\/wp-json\/wp\/v2\/product_tag?post=3435945"}],"curies":[{"name":"wp","href":"https:\/\/api.w.org\/{rel}","templated":true}]}}