{"id":3436230,"date":"2025-10-09T23:00:31","date_gmt":"2025-10-10T03:00:31","guid":{"rendered":"https:\/\/stoic-curie.212-227-153-4.plesk.page\/product\/fender-multi-streifen-weiss-60-x-7-x-6-cm\/"},"modified":"2026-02-24T23:35:17","modified_gmt":"2026-02-24T23:35:17","slug":"fender-multi-streifen-weiss-60-x-7-x-6-cm","status":"publish","type":"product","link":"https:\/\/stoic-curie.212-227-153-4.plesk.page\/de\/product\/fender-multi-streifen-weiss-60-x-7-x-6-cm\/","title":{"rendered":"Fender Multi-Streifen Wei\u00df 60 x 7 x 6 cm"},"content":{"rendered":"<p>Fender Multi-Streifen Wei\u00df 60 x 7 x 6 cm &#8211; <\/p>\n<p>Faltbare elastische Schutzpuffer, die es erm\u00f6glichen, jede unregelm\u00e4\u00dfige oder glatte Oberfl\u00e4che abzurunden und zu sch\u00fctzen. Kann an Reling, Pf\u00e4hlen, Gel\u00e4ndern, Ecken und als Bugboje verwendet werden.<\/p>\n","protected":false},"excerpt":{"rendered":"<p>Fender Multi-Streifen Wei\u00df 60 x 7 x 6 cm &#8211; Faltbare elastische Schutzpuffer, die es erm\u00f6glichen, jede unregelm\u00e4\u00dfige oder glatte<\/p>\n","protected":false},"featured_media":5947054,"comment_status":"closed","ping_status":"closed","template":"","meta":[],"product_brand":[3090],"product_cat":[1562],"product_tag":[],"class_list":{"0":"post-3436230","1":"product","2":"type-product","3":"status-publish","4":"has-post-thumbnail","6":"product_brand-majoni-de","7":"product_cat-anlegestossdaempfer","9":"first","10":"instock","11":"shipping-taxable","12":"purchasable","13":"product-type-simple"},"_links":{"self":[{"href":"https:\/\/stoic-curie.212-227-153-4.plesk.page\/de\/wp-json\/wp\/v2\/product\/3436230","targetHints":{"allow":["GET"]}}],"collection":[{"href":"https:\/\/stoic-curie.212-227-153-4.plesk.page\/de\/wp-json\/wp\/v2\/product"}],"about":[{"href":"https:\/\/stoic-curie.212-227-153-4.plesk.page\/de\/wp-json\/wp\/v2\/types\/product"}],"replies":[{"embeddable":true,"href":"https:\/\/stoic-curie.212-227-153-4.plesk.page\/de\/wp-json\/wp\/v2\/comments?post=3436230"}],"version-history":[{"count":0,"href":"https:\/\/stoic-curie.212-227-153-4.plesk.page\/de\/wp-json\/wp\/v2\/product\/3436230\/revisions"}],"wp:featuredmedia":[{"embeddable":true,"href":"https:\/\/stoic-curie.212-227-153-4.plesk.page\/de\/wp-json\/wp\/v2\/media\/5947054"}],"wp:attachment":[{"href":"https:\/\/stoic-curie.212-227-153-4.plesk.page\/de\/wp-json\/wp\/v2\/media?parent=3436230"}],"wp:term":[{"taxonomy":"product_brand","embeddable":true,"href":"https:\/\/stoic-curie.212-227-153-4.plesk.page\/de\/wp-json\/wp\/v2\/product_brand?post=3436230"},{"taxonomy":"product_cat","embeddable":true,"href":"https:\/\/stoic-curie.212-227-153-4.plesk.page\/de\/wp-json\/wp\/v2\/product_cat?post=3436230"},{"taxonomy":"product_tag","embeddable":true,"href":"https:\/\/stoic-curie.212-227-153-4.plesk.page\/de\/wp-json\/wp\/v2\/product_tag?post=3436230"}],"curies":[{"name":"wp","href":"https:\/\/api.w.org\/{rel}","templated":true}]}}