{"id":3436238,"date":"2025-10-09T23:00:31","date_gmt":"2025-10-10T03:00:31","guid":{"rendered":"https:\/\/stoic-curie.212-227-153-4.plesk.page\/product\/multistrip-fender-blau-60-x-7-x-6-cm\/"},"modified":"2026-02-24T23:35:17","modified_gmt":"2026-02-24T23:35:17","slug":"multistrip-fender-blau-60-x-7-x-6-cm","status":"publish","type":"product","link":"https:\/\/stoic-curie.212-227-153-4.plesk.page\/de\/product\/multistrip-fender-blau-60-x-7-x-6-cm\/","title":{"rendered":"Multistrip-Fender Blau 60 x 7 x 6 cm"},"content":{"rendered":"<p>Multistrip-Fender Blau 60 x 7 x 6 cm &#8211; <\/p>\n<p>Faltbare elastische Strukturpuffer, der es erm\u00f6glicht, jede unregelm\u00e4\u00dfige oder flache Oberfl\u00e4che abzurunden und zu sch\u00fctzen. Kann an Bordw\u00e4nden, Stangen, Gel\u00e4ndern und Ecken angebracht und als Bugboje verwendet werden.<\/p>\n","protected":false},"excerpt":{"rendered":"<p>Multistrip-Fender Blau 60 x 7 x 6 cm &#8211; Faltbare elastische Strukturpuffer, der es erm\u00f6glicht, jede unregelm\u00e4\u00dfige oder flache Oberfl\u00e4che<\/p>\n","protected":false},"featured_media":5947058,"comment_status":"closed","ping_status":"closed","template":"","meta":[],"product_brand":[3090],"product_cat":[1562],"product_tag":[],"class_list":{"0":"post-3436238","1":"product","2":"type-product","3":"status-publish","4":"has-post-thumbnail","6":"product_brand-majoni-de","7":"product_cat-anlegestossdaempfer","9":"first","10":"instock","11":"shipping-taxable","12":"purchasable","13":"product-type-simple"},"_links":{"self":[{"href":"https:\/\/stoic-curie.212-227-153-4.plesk.page\/de\/wp-json\/wp\/v2\/product\/3436238","targetHints":{"allow":["GET"]}}],"collection":[{"href":"https:\/\/stoic-curie.212-227-153-4.plesk.page\/de\/wp-json\/wp\/v2\/product"}],"about":[{"href":"https:\/\/stoic-curie.212-227-153-4.plesk.page\/de\/wp-json\/wp\/v2\/types\/product"}],"replies":[{"embeddable":true,"href":"https:\/\/stoic-curie.212-227-153-4.plesk.page\/de\/wp-json\/wp\/v2\/comments?post=3436238"}],"version-history":[{"count":0,"href":"https:\/\/stoic-curie.212-227-153-4.plesk.page\/de\/wp-json\/wp\/v2\/product\/3436238\/revisions"}],"wp:featuredmedia":[{"embeddable":true,"href":"https:\/\/stoic-curie.212-227-153-4.plesk.page\/de\/wp-json\/wp\/v2\/media\/5947058"}],"wp:attachment":[{"href":"https:\/\/stoic-curie.212-227-153-4.plesk.page\/de\/wp-json\/wp\/v2\/media?parent=3436238"}],"wp:term":[{"taxonomy":"product_brand","embeddable":true,"href":"https:\/\/stoic-curie.212-227-153-4.plesk.page\/de\/wp-json\/wp\/v2\/product_brand?post=3436238"},{"taxonomy":"product_cat","embeddable":true,"href":"https:\/\/stoic-curie.212-227-153-4.plesk.page\/de\/wp-json\/wp\/v2\/product_cat?post=3436238"},{"taxonomy":"product_tag","embeddable":true,"href":"https:\/\/stoic-curie.212-227-153-4.plesk.page\/de\/wp-json\/wp\/v2\/product_tag?post=3436238"}],"curies":[{"name":"wp","href":"https:\/\/api.w.org\/{rel}","templated":true}]}}