{"id":3436271,"date":"2025-10-09T23:00:32","date_gmt":"2025-10-10T03:00:32","guid":{"rendered":"https:\/\/stoic-curie.212-227-153-4.plesk.page\/product\/weisses-endstueck-fuer-u-profil-h40\/"},"modified":"2026-02-24T23:35:17","modified_gmt":"2026-02-24T23:35:17","slug":"weisses-endstueck-fuer-u-profil-h40","status":"publish","type":"product","link":"https:\/\/stoic-curie.212-227-153-4.plesk.page\/de\/product\/weisses-endstueck-fuer-u-profil-h40\/","title":{"rendered":"Wei\u00dfes Endst\u00fcck f\u00fcr U-Profil H40"},"content":{"rendered":"<p>Wei\u00dfes Endst\u00fcck f\u00fcr U-Profil H40 &#8211; <\/p>\n<p>PVC-Fenderprofil zum Schutz der flachen Seiten des Bootes. Eine U2-Befestigungsleiste wird zur Montage ben\u00f6tigt. Der Endkappen und das Abschlussprofil sind in verschiedenen Farben erh\u00e4ltlich.<\/p>\n","protected":false},"excerpt":{"rendered":"<p>Wei\u00dfes Endst\u00fcck f\u00fcr U-Profil H40 &#8211; PVC-Fenderprofil zum Schutz der flachen Seiten des Bootes. Eine U2-Befestigungsleiste wird zur Montage ben\u00f6tigt.<\/p>\n","protected":false},"featured_media":5947078,"comment_status":"closed","ping_status":"closed","template":"","meta":[],"product_brand":[3480],"product_cat":[1565],"product_tag":[],"class_list":{"0":"post-3436271","1":"product","2":"type-product","3":"status-publish","4":"has-post-thumbnail","6":"product_brand-tessilmare-de","7":"product_cat-fender-profile","9":"first","10":"instock","11":"shipping-taxable","12":"purchasable","13":"product-type-simple"},"_links":{"self":[{"href":"https:\/\/stoic-curie.212-227-153-4.plesk.page\/de\/wp-json\/wp\/v2\/product\/3436271","targetHints":{"allow":["GET"]}}],"collection":[{"href":"https:\/\/stoic-curie.212-227-153-4.plesk.page\/de\/wp-json\/wp\/v2\/product"}],"about":[{"href":"https:\/\/stoic-curie.212-227-153-4.plesk.page\/de\/wp-json\/wp\/v2\/types\/product"}],"replies":[{"embeddable":true,"href":"https:\/\/stoic-curie.212-227-153-4.plesk.page\/de\/wp-json\/wp\/v2\/comments?post=3436271"}],"version-history":[{"count":0,"href":"https:\/\/stoic-curie.212-227-153-4.plesk.page\/de\/wp-json\/wp\/v2\/product\/3436271\/revisions"}],"wp:featuredmedia":[{"embeddable":true,"href":"https:\/\/stoic-curie.212-227-153-4.plesk.page\/de\/wp-json\/wp\/v2\/media\/5947078"}],"wp:attachment":[{"href":"https:\/\/stoic-curie.212-227-153-4.plesk.page\/de\/wp-json\/wp\/v2\/media?parent=3436271"}],"wp:term":[{"taxonomy":"product_brand","embeddable":true,"href":"https:\/\/stoic-curie.212-227-153-4.plesk.page\/de\/wp-json\/wp\/v2\/product_brand?post=3436271"},{"taxonomy":"product_cat","embeddable":true,"href":"https:\/\/stoic-curie.212-227-153-4.plesk.page\/de\/wp-json\/wp\/v2\/product_cat?post=3436271"},{"taxonomy":"product_tag","embeddable":true,"href":"https:\/\/stoic-curie.212-227-153-4.plesk.page\/de\/wp-json\/wp\/v2\/product_tag?post=3436271"}],"curies":[{"name":"wp","href":"https:\/\/api.w.org\/{rel}","templated":true}]}}