{"id":3436288,"date":"2025-10-09T23:00:33","date_gmt":"2025-10-10T03:00:33","guid":{"rendered":"https:\/\/stoic-curie.212-227-153-4.plesk.page\/product\/edelstahl-terminal-fuer-tessilmare-radial-40\/"},"modified":"2026-02-24T23:35:17","modified_gmt":"2026-02-24T23:35:17","slug":"edelstahl-terminal-fuer-tessilmare-radial-40","status":"publish","type":"product","link":"https:\/\/stoic-curie.212-227-153-4.plesk.page\/de\/product\/edelstahl-terminal-fuer-tessilmare-radial-40\/","title":{"rendered":"Edelstahl-Terminal f\u00fcr Tessilmare Radial 40"},"content":{"rendered":"<p>Edelstahl-Terminal f\u00fcr Tessilmare Radial 40 &#8211; <\/p>\n<p>Radial ist das einzige PVC-Fenderprofil, das einfach und schnell zu installieren ist und in wenigen Schritten kalt montiert werden kann. Seine Flexibilit\u00e4t und Handhabung machen das Radialprofil einzigartig. Das Profil wird in Rollen von 12 &#8211; 16 &#8211; 24 Metern mit einer H\u00f6he (H) von 30 &#8211; 40 &#8211; 52 &#8211; 65 &#8211; 85 mm geliefert. Es ist in den Farben Schwarz &#8211; Wei\u00df &#8211; Grau erh\u00e4ltlich. Die Endkappen und Verbindungen sind in Kunststoff in der gleichen Farbe wie das Profil oder aus Edelstahl erh\u00e4ltlich. Die starren Tr\u00e4gerschienen werden in 2-Meter-Stangen verkauft.<\/p>\n","protected":false},"excerpt":{"rendered":"<p>Edelstahl-Terminal f\u00fcr Tessilmare Radial 40 &#8211; Radial ist das einzige PVC-Fenderprofil, das einfach und schnell zu installieren ist und in<\/p>\n","protected":false},"featured_media":5947081,"comment_status":"closed","ping_status":"closed","template":"","meta":[],"product_brand":[3480],"product_cat":[1565],"product_tag":[],"class_list":{"0":"post-3436288","1":"product","2":"type-product","3":"status-publish","4":"has-post-thumbnail","6":"product_brand-tessilmare-de","7":"product_cat-fender-profile","9":"first","10":"instock","11":"shipping-taxable","12":"purchasable","13":"product-type-simple"},"_links":{"self":[{"href":"https:\/\/stoic-curie.212-227-153-4.plesk.page\/de\/wp-json\/wp\/v2\/product\/3436288","targetHints":{"allow":["GET"]}}],"collection":[{"href":"https:\/\/stoic-curie.212-227-153-4.plesk.page\/de\/wp-json\/wp\/v2\/product"}],"about":[{"href":"https:\/\/stoic-curie.212-227-153-4.plesk.page\/de\/wp-json\/wp\/v2\/types\/product"}],"replies":[{"embeddable":true,"href":"https:\/\/stoic-curie.212-227-153-4.plesk.page\/de\/wp-json\/wp\/v2\/comments?post=3436288"}],"version-history":[{"count":0,"href":"https:\/\/stoic-curie.212-227-153-4.plesk.page\/de\/wp-json\/wp\/v2\/product\/3436288\/revisions"}],"wp:featuredmedia":[{"embeddable":true,"href":"https:\/\/stoic-curie.212-227-153-4.plesk.page\/de\/wp-json\/wp\/v2\/media\/5947081"}],"wp:attachment":[{"href":"https:\/\/stoic-curie.212-227-153-4.plesk.page\/de\/wp-json\/wp\/v2\/media?parent=3436288"}],"wp:term":[{"taxonomy":"product_brand","embeddable":true,"href":"https:\/\/stoic-curie.212-227-153-4.plesk.page\/de\/wp-json\/wp\/v2\/product_brand?post=3436288"},{"taxonomy":"product_cat","embeddable":true,"href":"https:\/\/stoic-curie.212-227-153-4.plesk.page\/de\/wp-json\/wp\/v2\/product_cat?post=3436288"},{"taxonomy":"product_tag","embeddable":true,"href":"https:\/\/stoic-curie.212-227-153-4.plesk.page\/de\/wp-json\/wp\/v2\/product_tag?post=3436288"}],"curies":[{"name":"wp","href":"https:\/\/api.w.org\/{rel}","templated":true}]}}