{"id":3436436,"date":"2025-10-09T23:00:39","date_gmt":"2025-10-10T03:00:39","guid":{"rendered":"https:\/\/stoic-curie.212-227-153-4.plesk.page\/product\/schiebeschnappverschluss-tmarine-56-x-91-mm\/"},"modified":"2026-02-24T23:35:17","modified_gmt":"2026-02-24T23:35:17","slug":"schiebeschnappverschluss-tmarine-56-x-91-mm","status":"publish","type":"product","link":"https:\/\/stoic-curie.212-227-153-4.plesk.page\/de\/product\/schiebeschnappverschluss-tmarine-56-x-91-mm\/","title":{"rendered":"Schiebeschnappverschluss Tmarine 56 x 91 mm"},"content":{"rendered":"<p>Schiebeschnappverschluss Tmarine 56 x 91 mm &#8211; <\/p>\n<p>316 Edelstahl-Baustahl mit integriertem Schloss f\u00fcr Luken und Lager. Mit einem Federmechanismus, der sowohl von au\u00dfen als auch von innen ge\u00f6ffnet werden kann.<\/p>\n","protected":false},"excerpt":{"rendered":"<p>Schiebeschnappverschluss Tmarine 56 x 91 mm &#8211; 316 Edelstahl-Baustahl mit integriertem Schloss f\u00fcr Luken und Lager. Mit einem Federmechanismus, der<\/p>\n","protected":false},"featured_media":5947108,"comment_status":"closed","ping_status":"closed","template":"","meta":[],"product_brand":[3135],"product_cat":[1400,1421],"product_tag":[],"class_list":{"0":"post-3436436","1":"product","2":"type-product","3":"status-publish","4":"has-post-thumbnail","6":"product_brand-masterlock-de","7":"product_cat-bootsverschluesse","8":"product_cat-tuerschloesser","10":"first","11":"instock","12":"shipping-taxable","13":"purchasable","14":"product-type-simple"},"_links":{"self":[{"href":"https:\/\/stoic-curie.212-227-153-4.plesk.page\/de\/wp-json\/wp\/v2\/product\/3436436","targetHints":{"allow":["GET"]}}],"collection":[{"href":"https:\/\/stoic-curie.212-227-153-4.plesk.page\/de\/wp-json\/wp\/v2\/product"}],"about":[{"href":"https:\/\/stoic-curie.212-227-153-4.plesk.page\/de\/wp-json\/wp\/v2\/types\/product"}],"replies":[{"embeddable":true,"href":"https:\/\/stoic-curie.212-227-153-4.plesk.page\/de\/wp-json\/wp\/v2\/comments?post=3436436"}],"version-history":[{"count":0,"href":"https:\/\/stoic-curie.212-227-153-4.plesk.page\/de\/wp-json\/wp\/v2\/product\/3436436\/revisions"}],"wp:featuredmedia":[{"embeddable":true,"href":"https:\/\/stoic-curie.212-227-153-4.plesk.page\/de\/wp-json\/wp\/v2\/media\/5947108"}],"wp:attachment":[{"href":"https:\/\/stoic-curie.212-227-153-4.plesk.page\/de\/wp-json\/wp\/v2\/media?parent=3436436"}],"wp:term":[{"taxonomy":"product_brand","embeddable":true,"href":"https:\/\/stoic-curie.212-227-153-4.plesk.page\/de\/wp-json\/wp\/v2\/product_brand?post=3436436"},{"taxonomy":"product_cat","embeddable":true,"href":"https:\/\/stoic-curie.212-227-153-4.plesk.page\/de\/wp-json\/wp\/v2\/product_cat?post=3436436"},{"taxonomy":"product_tag","embeddable":true,"href":"https:\/\/stoic-curie.212-227-153-4.plesk.page\/de\/wp-json\/wp\/v2\/product_tag?post=3436436"}],"curies":[{"name":"wp","href":"https:\/\/api.w.org\/{rel}","templated":true}]}}