{"id":3436460,"date":"2025-10-09T23:00:40","date_gmt":"2025-10-10T03:00:40","guid":{"rendered":"https:\/\/stoic-curie.212-227-153-4.plesk.page\/product\/schwarzer-schrankverschluss-48-x-28-x-h14mm\/"},"modified":"2026-02-24T23:35:17","modified_gmt":"2026-02-24T23:35:17","slug":"schwarzer-schrankverschluss-48-x-28-x-h14mm","status":"publish","type":"product","link":"https:\/\/stoic-curie.212-227-153-4.plesk.page\/de\/product\/schwarzer-schrankverschluss-48-x-28-x-h14mm\/","title":{"rendered":"Schwarzer Schrankverschluss 48 x 28 x H14mm"},"content":{"rendered":"<p>Schwarzer Schrankverschluss 48 x 28 x H14mm &#8211; <\/p>\n<p>Verst\u00e4rkte Kunststoffsicherung f\u00fcr Schubladen und T\u00fcren.<\/p>\n","protected":false},"excerpt":{"rendered":"<p>Schwarzer Schrankverschluss 48 x 28 x H14mm &#8211; Verst\u00e4rkte Kunststoffsicherung f\u00fcr Schubladen und T\u00fcren.<\/p>\n","protected":false},"featured_media":5947117,"comment_status":"closed","ping_status":"closed","template":"","meta":[],"product_brand":[3135],"product_cat":[1423],"product_tag":[],"class_list":{"0":"post-3436460","1":"product","2":"type-product","3":"status-publish","4":"has-post-thumbnail","6":"product_brand-masterlock-de","7":"product_cat-kabinenbeschlaege","9":"first","10":"instock","11":"shipping-taxable","12":"purchasable","13":"product-type-simple"},"_links":{"self":[{"href":"https:\/\/stoic-curie.212-227-153-4.plesk.page\/de\/wp-json\/wp\/v2\/product\/3436460","targetHints":{"allow":["GET"]}}],"collection":[{"href":"https:\/\/stoic-curie.212-227-153-4.plesk.page\/de\/wp-json\/wp\/v2\/product"}],"about":[{"href":"https:\/\/stoic-curie.212-227-153-4.plesk.page\/de\/wp-json\/wp\/v2\/types\/product"}],"replies":[{"embeddable":true,"href":"https:\/\/stoic-curie.212-227-153-4.plesk.page\/de\/wp-json\/wp\/v2\/comments?post=3436460"}],"version-history":[{"count":0,"href":"https:\/\/stoic-curie.212-227-153-4.plesk.page\/de\/wp-json\/wp\/v2\/product\/3436460\/revisions"}],"wp:featuredmedia":[{"embeddable":true,"href":"https:\/\/stoic-curie.212-227-153-4.plesk.page\/de\/wp-json\/wp\/v2\/media\/5947117"}],"wp:attachment":[{"href":"https:\/\/stoic-curie.212-227-153-4.plesk.page\/de\/wp-json\/wp\/v2\/media?parent=3436460"}],"wp:term":[{"taxonomy":"product_brand","embeddable":true,"href":"https:\/\/stoic-curie.212-227-153-4.plesk.page\/de\/wp-json\/wp\/v2\/product_brand?post=3436460"},{"taxonomy":"product_cat","embeddable":true,"href":"https:\/\/stoic-curie.212-227-153-4.plesk.page\/de\/wp-json\/wp\/v2\/product_cat?post=3436460"},{"taxonomy":"product_tag","embeddable":true,"href":"https:\/\/stoic-curie.212-227-153-4.plesk.page\/de\/wp-json\/wp\/v2\/product_tag?post=3436460"}],"curies":[{"name":"wp","href":"https:\/\/api.w.org\/{rel}","templated":true}]}}