{"id":3436488,"date":"2025-10-09T23:00:41","date_gmt":"2025-10-10T03:00:41","guid":{"rendered":"https:\/\/stoic-curie.212-227-153-4.plesk.page\/product\/weisser-verriegelungsrastenverschluss-61mm-ohne-schluessel\/"},"modified":"2026-02-24T23:35:17","modified_gmt":"2026-02-24T23:35:17","slug":"weisser-verriegelungsrastenverschluss-61mm-ohne-schluessel","status":"publish","type":"product","link":"https:\/\/stoic-curie.212-227-153-4.plesk.page\/de\/product\/weisser-verriegelungsrastenverschluss-61mm-ohne-schluessel\/","title":{"rendered":"Wei\u00dfer Verriegelungsrastenverschluss 61mm ohne Schl\u00fcssel"},"content":{"rendered":"<p>Wei\u00dfer Verriegelungsrastenverschluss 61mm ohne Schl\u00fcssel &#8211; <\/p>\n<p>Nylon-K\u00f6rper, b\u00fcndige Montage, Druck-zu-Schlie\u00dfen-Schnappverschluss f\u00fcr Luken und W\u00e4nde. Vollst\u00e4ndig mit Schlie\u00dfer und Schrauben ausgestattet.<\/p>\n","protected":false},"excerpt":{"rendered":"<p>Wei\u00dfer Verriegelungsrastenverschluss 61mm ohne Schl\u00fcssel &#8211; Nylon-K\u00f6rper, b\u00fcndige Montage, Druck-zu-Schlie\u00dfen-Schnappverschluss f\u00fcr Luken und W\u00e4nde. Vollst\u00e4ndig mit Schlie\u00dfer und Schrauben ausgestattet.<\/p>\n","protected":false},"featured_media":5947131,"comment_status":"closed","ping_status":"closed","template":"","meta":[],"product_brand":[3235],"product_cat":[1400],"product_tag":[],"class_list":{"0":"post-3436488","1":"product","2":"type-product","3":"status-publish","4":"has-post-thumbnail","6":"product_brand-osculati-de","7":"product_cat-bootsverschluesse","9":"first","10":"instock","11":"shipping-taxable","12":"purchasable","13":"product-type-simple"},"_links":{"self":[{"href":"https:\/\/stoic-curie.212-227-153-4.plesk.page\/de\/wp-json\/wp\/v2\/product\/3436488","targetHints":{"allow":["GET"]}}],"collection":[{"href":"https:\/\/stoic-curie.212-227-153-4.plesk.page\/de\/wp-json\/wp\/v2\/product"}],"about":[{"href":"https:\/\/stoic-curie.212-227-153-4.plesk.page\/de\/wp-json\/wp\/v2\/types\/product"}],"replies":[{"embeddable":true,"href":"https:\/\/stoic-curie.212-227-153-4.plesk.page\/de\/wp-json\/wp\/v2\/comments?post=3436488"}],"version-history":[{"count":0,"href":"https:\/\/stoic-curie.212-227-153-4.plesk.page\/de\/wp-json\/wp\/v2\/product\/3436488\/revisions"}],"wp:featuredmedia":[{"embeddable":true,"href":"https:\/\/stoic-curie.212-227-153-4.plesk.page\/de\/wp-json\/wp\/v2\/media\/5947131"}],"wp:attachment":[{"href":"https:\/\/stoic-curie.212-227-153-4.plesk.page\/de\/wp-json\/wp\/v2\/media?parent=3436488"}],"wp:term":[{"taxonomy":"product_brand","embeddable":true,"href":"https:\/\/stoic-curie.212-227-153-4.plesk.page\/de\/wp-json\/wp\/v2\/product_brand?post=3436488"},{"taxonomy":"product_cat","embeddable":true,"href":"https:\/\/stoic-curie.212-227-153-4.plesk.page\/de\/wp-json\/wp\/v2\/product_cat?post=3436488"},{"taxonomy":"product_tag","embeddable":true,"href":"https:\/\/stoic-curie.212-227-153-4.plesk.page\/de\/wp-json\/wp\/v2\/product_tag?post=3436488"}],"curies":[{"name":"wp","href":"https:\/\/api.w.org\/{rel}","templated":true}]}}