{"id":3436504,"date":"2025-10-09T23:00:42","date_gmt":"2025-10-10T03:00:42","guid":{"rendered":"https:\/\/stoic-curie.212-227-153-4.plesk.page\/product\/roca-verschlussriegel-50-x-61-mm-222-mm\/"},"modified":"2026-02-24T23:35:17","modified_gmt":"2026-02-24T23:35:17","slug":"roca-verschlussriegel-50-x-61-mm-222-mm","status":"publish","type":"product","link":"https:\/\/stoic-curie.212-227-153-4.plesk.page\/de\/product\/roca-verschlussriegel-50-x-61-mm-222-mm\/","title":{"rendered":"Roca Verschlussriegel 50 x 61 mm (2<>22 mm)"},"content":{"rendered":"<p>Roca Verschlussriegel 50 x 61 mm (2<>22 mm) &#8211; <\/p>\n<p>Flush-Mount Roca Slam-Verschluss zum Dr\u00fccken f\u00fcr Luken und Schott. Hochglanzpolierter K\u00f6rper aus Edelstahl 316 mit antivibrationskomponenten.<\/p>\n","protected":false},"excerpt":{"rendered":"<p>Roca Verschlussriegel 50 x 61 mm (222 mm) &#8211; Flush-Mount Roca Slam-Verschluss zum Dr\u00fccken f\u00fcr Luken und Schott. Hochglanzpolierter K\u00f6rper<\/p>\n","protected":false},"featured_media":5947137,"comment_status":"closed","ping_status":"closed","template":"","meta":[],"product_brand":[3315],"product_cat":[1400,1421],"product_tag":[],"class_list":{"0":"post-3436504","1":"product","2":"type-product","3":"status-publish","4":"has-post-thumbnail","6":"product_brand-roca-marine-de","7":"product_cat-bootsverschluesse","8":"product_cat-tuerschloesser","10":"first","11":"instock","12":"shipping-taxable","13":"purchasable","14":"product-type-simple"},"_links":{"self":[{"href":"https:\/\/stoic-curie.212-227-153-4.plesk.page\/de\/wp-json\/wp\/v2\/product\/3436504","targetHints":{"allow":["GET"]}}],"collection":[{"href":"https:\/\/stoic-curie.212-227-153-4.plesk.page\/de\/wp-json\/wp\/v2\/product"}],"about":[{"href":"https:\/\/stoic-curie.212-227-153-4.plesk.page\/de\/wp-json\/wp\/v2\/types\/product"}],"replies":[{"embeddable":true,"href":"https:\/\/stoic-curie.212-227-153-4.plesk.page\/de\/wp-json\/wp\/v2\/comments?post=3436504"}],"version-history":[{"count":0,"href":"https:\/\/stoic-curie.212-227-153-4.plesk.page\/de\/wp-json\/wp\/v2\/product\/3436504\/revisions"}],"wp:featuredmedia":[{"embeddable":true,"href":"https:\/\/stoic-curie.212-227-153-4.plesk.page\/de\/wp-json\/wp\/v2\/media\/5947137"}],"wp:attachment":[{"href":"https:\/\/stoic-curie.212-227-153-4.plesk.page\/de\/wp-json\/wp\/v2\/media?parent=3436504"}],"wp:term":[{"taxonomy":"product_brand","embeddable":true,"href":"https:\/\/stoic-curie.212-227-153-4.plesk.page\/de\/wp-json\/wp\/v2\/product_brand?post=3436504"},{"taxonomy":"product_cat","embeddable":true,"href":"https:\/\/stoic-curie.212-227-153-4.plesk.page\/de\/wp-json\/wp\/v2\/product_cat?post=3436504"},{"taxonomy":"product_tag","embeddable":true,"href":"https:\/\/stoic-curie.212-227-153-4.plesk.page\/de\/wp-json\/wp\/v2\/product_tag?post=3436504"}],"curies":[{"name":"wp","href":"https:\/\/api.w.org\/{rel}","templated":true}]}}