{"id":3436513,"date":"2025-10-09T23:00:42","date_gmt":"2025-10-10T03:00:42","guid":{"rendered":"https:\/\/stoic-curie.212-227-153-4.plesk.page\/product\/edelstahl-kompressionsverschluesse-62mm-mit-schluessel\/"},"modified":"2026-02-24T23:35:17","modified_gmt":"2026-02-24T23:35:17","slug":"edelstahl-kompressionsverschluesse-62mm-mit-schluessel","status":"publish","type":"product","link":"https:\/\/stoic-curie.212-227-153-4.plesk.page\/de\/product\/edelstahl-kompressionsverschluesse-62mm-mit-schluessel\/","title":{"rendered":"Edelstahl-Kompressionsverschl\u00fcsse 62mm mit Schl\u00fcssel"},"content":{"rendered":"<p>Edelstahl-Kompressionsverschl\u00fcsse 62mm mit Schl\u00fcssel &#8211; <\/p>\n<p>Kompressionsschlossriegel aus Edelstahl 316 mit verstellbarem Riegel. Wird verwendet, um Wanddurchbr\u00fcche und Luken zu \u00f6ffnen und zu schlie\u00dfen. Der Riegel kann in normaler Position oder umgedreht (Rev) montiert werden, um alle erforderlichen Dicken (A) abzudecken.<\/p>\n","protected":false},"excerpt":{"rendered":"<p>Edelstahl-Kompressionsverschl\u00fcsse 62mm mit Schl\u00fcssel &#8211; Kompressionsschlossriegel aus Edelstahl 316 mit verstellbarem Riegel. Wird verwendet, um Wanddurchbr\u00fcche und Luken zu \u00f6ffnen<\/p>\n","protected":false},"featured_media":5947140,"comment_status":"closed","ping_status":"closed","template":"","meta":[],"product_brand":[3135],"product_cat":[1400,1421],"product_tag":[],"class_list":{"0":"post-3436513","1":"product","2":"type-product","3":"status-publish","4":"has-post-thumbnail","6":"product_brand-masterlock-de","7":"product_cat-bootsverschluesse","8":"product_cat-tuerschloesser","10":"first","11":"instock","12":"shipping-taxable","13":"purchasable","14":"product-type-simple"},"_links":{"self":[{"href":"https:\/\/stoic-curie.212-227-153-4.plesk.page\/de\/wp-json\/wp\/v2\/product\/3436513","targetHints":{"allow":["GET"]}}],"collection":[{"href":"https:\/\/stoic-curie.212-227-153-4.plesk.page\/de\/wp-json\/wp\/v2\/product"}],"about":[{"href":"https:\/\/stoic-curie.212-227-153-4.plesk.page\/de\/wp-json\/wp\/v2\/types\/product"}],"replies":[{"embeddable":true,"href":"https:\/\/stoic-curie.212-227-153-4.plesk.page\/de\/wp-json\/wp\/v2\/comments?post=3436513"}],"version-history":[{"count":0,"href":"https:\/\/stoic-curie.212-227-153-4.plesk.page\/de\/wp-json\/wp\/v2\/product\/3436513\/revisions"}],"wp:featuredmedia":[{"embeddable":true,"href":"https:\/\/stoic-curie.212-227-153-4.plesk.page\/de\/wp-json\/wp\/v2\/media\/5947140"}],"wp:attachment":[{"href":"https:\/\/stoic-curie.212-227-153-4.plesk.page\/de\/wp-json\/wp\/v2\/media?parent=3436513"}],"wp:term":[{"taxonomy":"product_brand","embeddable":true,"href":"https:\/\/stoic-curie.212-227-153-4.plesk.page\/de\/wp-json\/wp\/v2\/product_brand?post=3436513"},{"taxonomy":"product_cat","embeddable":true,"href":"https:\/\/stoic-curie.212-227-153-4.plesk.page\/de\/wp-json\/wp\/v2\/product_cat?post=3436513"},{"taxonomy":"product_tag","embeddable":true,"href":"https:\/\/stoic-curie.212-227-153-4.plesk.page\/de\/wp-json\/wp\/v2\/product_tag?post=3436513"}],"curies":[{"name":"wp","href":"https:\/\/api.w.org\/{rel}","templated":true}]}}