{"id":3436531,"date":"2025-10-09T23:00:43","date_gmt":"2025-10-10T03:00:43","guid":{"rendered":"https:\/\/stoic-curie.212-227-153-4.plesk.page\/product\/gerader-nockenriegel-fuer-roca-70t\/"},"modified":"2026-02-24T23:35:17","modified_gmt":"2026-02-24T23:35:17","slug":"gerader-nockenriegel-fuer-roca-70t","status":"publish","type":"product","link":"https:\/\/stoic-curie.212-227-153-4.plesk.page\/de\/product\/gerader-nockenriegel-fuer-roca-70t\/","title":{"rendered":"Gerader Nockenriegel f\u00fcr Roca 70T"},"content":{"rendered":"<p>Gerader Nockenriegel f\u00fcr Roca 70T &#8211; <\/p>\n<p>Spiegelglanz polierte 316 Edelstahl-Kompressionsschlossriegel mit T-Griff und verstellbarem Riegel. Wird verwendet, um Schott und Luken zu \u00f6ffnen und zu schlie\u00dfen. Der Riegel muss mit einem Riegel Ihrer Wahl erg\u00e4nzt werden.<\/p>\n","protected":false},"excerpt":{"rendered":"<p>Gerader Nockenriegel f\u00fcr Roca 70T &#8211; Spiegelglanz polierte 316 Edelstahl-Kompressionsschlossriegel mit T-Griff und verstellbarem Riegel. Wird verwendet, um Schott und<\/p>\n","protected":false},"featured_media":5947144,"comment_status":"closed","ping_status":"closed","template":"","meta":[],"product_brand":[3315],"product_cat":[1400],"product_tag":[],"class_list":{"0":"post-3436531","1":"product","2":"type-product","3":"status-publish","4":"has-post-thumbnail","6":"product_brand-roca-marine-de","7":"product_cat-bootsverschluesse","9":"first","10":"instock","11":"shipping-taxable","12":"purchasable","13":"product-type-simple"},"_links":{"self":[{"href":"https:\/\/stoic-curie.212-227-153-4.plesk.page\/de\/wp-json\/wp\/v2\/product\/3436531","targetHints":{"allow":["GET"]}}],"collection":[{"href":"https:\/\/stoic-curie.212-227-153-4.plesk.page\/de\/wp-json\/wp\/v2\/product"}],"about":[{"href":"https:\/\/stoic-curie.212-227-153-4.plesk.page\/de\/wp-json\/wp\/v2\/types\/product"}],"replies":[{"embeddable":true,"href":"https:\/\/stoic-curie.212-227-153-4.plesk.page\/de\/wp-json\/wp\/v2\/comments?post=3436531"}],"version-history":[{"count":0,"href":"https:\/\/stoic-curie.212-227-153-4.plesk.page\/de\/wp-json\/wp\/v2\/product\/3436531\/revisions"}],"wp:featuredmedia":[{"embeddable":true,"href":"https:\/\/stoic-curie.212-227-153-4.plesk.page\/de\/wp-json\/wp\/v2\/media\/5947144"}],"wp:attachment":[{"href":"https:\/\/stoic-curie.212-227-153-4.plesk.page\/de\/wp-json\/wp\/v2\/media?parent=3436531"}],"wp:term":[{"taxonomy":"product_brand","embeddable":true,"href":"https:\/\/stoic-curie.212-227-153-4.plesk.page\/de\/wp-json\/wp\/v2\/product_brand?post=3436531"},{"taxonomy":"product_cat","embeddable":true,"href":"https:\/\/stoic-curie.212-227-153-4.plesk.page\/de\/wp-json\/wp\/v2\/product_cat?post=3436531"},{"taxonomy":"product_tag","embeddable":true,"href":"https:\/\/stoic-curie.212-227-153-4.plesk.page\/de\/wp-json\/wp\/v2\/product_tag?post=3436531"}],"curies":[{"name":"wp","href":"https:\/\/api.w.org\/{rel}","templated":true}]}}