{"id":3436601,"date":"2025-10-09T23:00:46","date_gmt":"2025-10-10T03:00:46","guid":{"rendered":"https:\/\/stoic-curie.212-227-153-4.plesk.page\/product\/verriegelnde-riegel-49-mm\/"},"modified":"2026-02-24T23:35:17","modified_gmt":"2026-02-24T23:35:17","slug":"verriegelnde-riegel-49-mm","status":"publish","type":"product","link":"https:\/\/stoic-curie.212-227-153-4.plesk.page\/de\/product\/verriegelnde-riegel-49-mm\/","title":{"rendered":"Verriegelnde Riegel 49 mm"},"content":{"rendered":"<p>Verriegelnde Riegel 49 mm &#8211; <\/p>\n<p>Schiebeverschluss mit Push-to-Close-Funktion f\u00fcr T\u00fcren, Klappen, Schubladen und Schr\u00e4nke. Einfache Installation, verst\u00e4rkter ABS-K\u00f6rper, komplett mit Schlagleiste und Schrauben.<\/p>\n","protected":false},"excerpt":{"rendered":"<p>Verriegelnde Riegel 49 mm &#8211; Schiebeverschluss mit Push-to-Close-Funktion f\u00fcr T\u00fcren, Klappen, Schubladen und Schr\u00e4nke. Einfache Installation, verst\u00e4rkter ABS-K\u00f6rper, komplett mit<\/p>\n","protected":false},"featured_media":5947161,"comment_status":"closed","ping_status":"closed","template":"","meta":[],"product_brand":[3135],"product_cat":[1400,1423],"product_tag":[],"class_list":{"0":"post-3436601","1":"product","2":"type-product","3":"status-publish","4":"has-post-thumbnail","6":"product_brand-masterlock-de","7":"product_cat-bootsverschluesse","8":"product_cat-kabinenbeschlaege","10":"first","11":"instock","12":"shipping-taxable","13":"purchasable","14":"product-type-simple"},"_links":{"self":[{"href":"https:\/\/stoic-curie.212-227-153-4.plesk.page\/de\/wp-json\/wp\/v2\/product\/3436601","targetHints":{"allow":["GET"]}}],"collection":[{"href":"https:\/\/stoic-curie.212-227-153-4.plesk.page\/de\/wp-json\/wp\/v2\/product"}],"about":[{"href":"https:\/\/stoic-curie.212-227-153-4.plesk.page\/de\/wp-json\/wp\/v2\/types\/product"}],"replies":[{"embeddable":true,"href":"https:\/\/stoic-curie.212-227-153-4.plesk.page\/de\/wp-json\/wp\/v2\/comments?post=3436601"}],"version-history":[{"count":0,"href":"https:\/\/stoic-curie.212-227-153-4.plesk.page\/de\/wp-json\/wp\/v2\/product\/3436601\/revisions"}],"wp:featuredmedia":[{"embeddable":true,"href":"https:\/\/stoic-curie.212-227-153-4.plesk.page\/de\/wp-json\/wp\/v2\/media\/5947161"}],"wp:attachment":[{"href":"https:\/\/stoic-curie.212-227-153-4.plesk.page\/de\/wp-json\/wp\/v2\/media?parent=3436601"}],"wp:term":[{"taxonomy":"product_brand","embeddable":true,"href":"https:\/\/stoic-curie.212-227-153-4.plesk.page\/de\/wp-json\/wp\/v2\/product_brand?post=3436601"},{"taxonomy":"product_cat","embeddable":true,"href":"https:\/\/stoic-curie.212-227-153-4.plesk.page\/de\/wp-json\/wp\/v2\/product_cat?post=3436601"},{"taxonomy":"product_tag","embeddable":true,"href":"https:\/\/stoic-curie.212-227-153-4.plesk.page\/de\/wp-json\/wp\/v2\/product_tag?post=3436601"}],"curies":[{"name":"wp","href":"https:\/\/api.w.org\/{rel}","templated":true}]}}