{"id":3436607,"date":"2025-10-09T23:00:46","date_gmt":"2025-10-10T03:00:46","guid":{"rendered":"https:\/\/stoic-curie.212-227-153-4.plesk.page\/product\/druckschlossriegel-30mm\/"},"modified":"2026-02-24T23:35:17","modified_gmt":"2026-02-24T23:35:17","slug":"druckschlossriegel-30mm","status":"publish","type":"product","link":"https:\/\/stoic-curie.212-227-153-4.plesk.page\/de\/product\/druckschlossriegel-30mm\/","title":{"rendered":"Druckschlossriegel 30mm"},"content":{"rendered":"<p>Druckschlossriegel 30mm &#8211; <\/p>\n<p>Dr\u00fcck-\/Drehknopfverschluss mit verchromtem Knopf und ABS-Geh\u00e4use. Komplett mit Edelstahl-Schlagbolzen und Schrauben. Der Knopf bleibt im geschlossenen Zustand b\u00fcndig, doch springt mit einem leichten Druck heraus, um einen sicheren Griff zu bieten, um den Verschluss zu bet\u00e4tigen und die T\u00fcr zu \u00f6ffnen oder zu schlie\u00dfen. Drehen Sie den Knopf zum \u00d6ffnen, dr\u00fccken Sie die T\u00fcr zum Schlie\u00dfen.<\/p>\n","protected":false},"excerpt":{"rendered":"<p>Druckschlossriegel 30mm &#8211; Dr\u00fcck-\/Drehknopfverschluss mit verchromtem Knopf und ABS-Geh\u00e4use. Komplett mit Edelstahl-Schlagbolzen und Schrauben. Der Knopf bleibt im geschlossenen Zustand<\/p>\n","protected":false},"featured_media":5947165,"comment_status":"closed","ping_status":"closed","template":"","meta":[],"product_brand":[3135],"product_cat":[1400,1423],"product_tag":[],"class_list":{"0":"post-3436607","1":"product","2":"type-product","3":"status-publish","4":"has-post-thumbnail","6":"product_brand-masterlock-de","7":"product_cat-bootsverschluesse","8":"product_cat-kabinenbeschlaege","10":"first","11":"instock","12":"shipping-taxable","13":"purchasable","14":"product-type-simple"},"_links":{"self":[{"href":"https:\/\/stoic-curie.212-227-153-4.plesk.page\/de\/wp-json\/wp\/v2\/product\/3436607","targetHints":{"allow":["GET"]}}],"collection":[{"href":"https:\/\/stoic-curie.212-227-153-4.plesk.page\/de\/wp-json\/wp\/v2\/product"}],"about":[{"href":"https:\/\/stoic-curie.212-227-153-4.plesk.page\/de\/wp-json\/wp\/v2\/types\/product"}],"replies":[{"embeddable":true,"href":"https:\/\/stoic-curie.212-227-153-4.plesk.page\/de\/wp-json\/wp\/v2\/comments?post=3436607"}],"version-history":[{"count":0,"href":"https:\/\/stoic-curie.212-227-153-4.plesk.page\/de\/wp-json\/wp\/v2\/product\/3436607\/revisions"}],"wp:featuredmedia":[{"embeddable":true,"href":"https:\/\/stoic-curie.212-227-153-4.plesk.page\/de\/wp-json\/wp\/v2\/media\/5947165"}],"wp:attachment":[{"href":"https:\/\/stoic-curie.212-227-153-4.plesk.page\/de\/wp-json\/wp\/v2\/media?parent=3436607"}],"wp:term":[{"taxonomy":"product_brand","embeddable":true,"href":"https:\/\/stoic-curie.212-227-153-4.plesk.page\/de\/wp-json\/wp\/v2\/product_brand?post=3436607"},{"taxonomy":"product_cat","embeddable":true,"href":"https:\/\/stoic-curie.212-227-153-4.plesk.page\/de\/wp-json\/wp\/v2\/product_cat?post=3436607"},{"taxonomy":"product_tag","embeddable":true,"href":"https:\/\/stoic-curie.212-227-153-4.plesk.page\/de\/wp-json\/wp\/v2\/product_tag?post=3436607"}],"curies":[{"name":"wp","href":"https:\/\/api.w.org\/{rel}","templated":true}]}}