{"id":3436616,"date":"2025-10-09T23:00:46","date_gmt":"2025-10-10T03:00:46","guid":{"rendered":"https:\/\/stoic-curie.212-227-153-4.plesk.page\/product\/verchromte-verschluesse-35-x-48-mm\/"},"modified":"2026-02-24T23:35:17","modified_gmt":"2026-02-24T23:35:17","slug":"verchromte-verschluesse-35-x-48-mm","status":"publish","type":"product","link":"https:\/\/stoic-curie.212-227-153-4.plesk.page\/de\/product\/verchromte-verschluesse-35-x-48-mm\/","title":{"rendered":"Verchromte Verschl\u00fcsse 35 x 48 mm"},"content":{"rendered":"<p>Verchromte Verschl\u00fcsse 35 x 48 mm &#8211; <\/p>\n<p>Knopf-Rahmenriegel f\u00fcr Klappen und Schubladen. Komplett mit Schlagleiste und Schrauben. ABS-Geh\u00e4use, verchromter Knopf und mechanische Teile aus Zamaklegierung. Abmessungen 35 x 48 mm.<\/p>\n","protected":false},"excerpt":{"rendered":"<p>Verchromte Verschl\u00fcsse 35 x 48 mm &#8211; Knopf-Rahmenriegel f\u00fcr Klappen und Schubladen. Komplett mit Schlagleiste und Schrauben. ABS-Geh\u00e4use, verchromter Knopf<\/p>\n","protected":false},"featured_media":5947167,"comment_status":"closed","ping_status":"closed","template":"","meta":[],"product_brand":[2945],"product_cat":[1400,1423],"product_tag":[],"class_list":{"0":"post-3436616","1":"product","2":"type-product","3":"status-publish","4":"has-post-thumbnail","6":"product_brand-foresti-suardi-de","7":"product_cat-bootsverschluesse","8":"product_cat-kabinenbeschlaege","10":"first","11":"instock","12":"shipping-taxable","13":"purchasable","14":"product-type-simple"},"_links":{"self":[{"href":"https:\/\/stoic-curie.212-227-153-4.plesk.page\/de\/wp-json\/wp\/v2\/product\/3436616","targetHints":{"allow":["GET"]}}],"collection":[{"href":"https:\/\/stoic-curie.212-227-153-4.plesk.page\/de\/wp-json\/wp\/v2\/product"}],"about":[{"href":"https:\/\/stoic-curie.212-227-153-4.plesk.page\/de\/wp-json\/wp\/v2\/types\/product"}],"replies":[{"embeddable":true,"href":"https:\/\/stoic-curie.212-227-153-4.plesk.page\/de\/wp-json\/wp\/v2\/comments?post=3436616"}],"version-history":[{"count":0,"href":"https:\/\/stoic-curie.212-227-153-4.plesk.page\/de\/wp-json\/wp\/v2\/product\/3436616\/revisions"}],"wp:featuredmedia":[{"embeddable":true,"href":"https:\/\/stoic-curie.212-227-153-4.plesk.page\/de\/wp-json\/wp\/v2\/media\/5947167"}],"wp:attachment":[{"href":"https:\/\/stoic-curie.212-227-153-4.plesk.page\/de\/wp-json\/wp\/v2\/media?parent=3436616"}],"wp:term":[{"taxonomy":"product_brand","embeddable":true,"href":"https:\/\/stoic-curie.212-227-153-4.plesk.page\/de\/wp-json\/wp\/v2\/product_brand?post=3436616"},{"taxonomy":"product_cat","embeddable":true,"href":"https:\/\/stoic-curie.212-227-153-4.plesk.page\/de\/wp-json\/wp\/v2\/product_cat?post=3436616"},{"taxonomy":"product_tag","embeddable":true,"href":"https:\/\/stoic-curie.212-227-153-4.plesk.page\/de\/wp-json\/wp\/v2\/product_tag?post=3436616"}],"curies":[{"name":"wp","href":"https:\/\/api.w.org\/{rel}","templated":true}]}}