{"id":3436679,"date":"2025-10-09T23:00:49","date_gmt":"2025-10-10T03:00:49","guid":{"rendered":"https:\/\/stoic-curie.212-227-153-4.plesk.page\/product\/edelstahl-scharnier-rueckwaerts-37-x-22-x-h40mm\/"},"modified":"2026-02-24T23:35:17","modified_gmt":"2026-02-24T23:35:17","slug":"edelstahl-scharnier-rueckwaerts-37-x-22-x-h40mm","status":"publish","type":"product","link":"https:\/\/stoic-curie.212-227-153-4.plesk.page\/de\/product\/edelstahl-scharnier-rueckwaerts-37-x-22-x-h40mm\/","title":{"rendered":"Edelstahl-Scharnier R\u00fcckw\u00e4rts 37 x 22 x H40mm"},"content":{"rendered":"<p>Edelstahl-Scharnier R\u00fcckw\u00e4rts 37 x 22 x H40mm &#8211; <\/p>\n<p>Spiegelpolierte Edelstahl-Small Short Side Scharniere.<br \/>Standard = Obere Scharnierachse Umgekehrt = Untere Scharnierachse<\/p>\n","protected":false},"excerpt":{"rendered":"<p>Edelstahl-Scharnier R\u00fcckw\u00e4rts 37 x 22 x H40mm &#8211; Spiegelpolierte Edelstahl-Small Short Side Scharniere.Standard = Obere Scharnierachse Umgekehrt = Untere Scharnierachse<\/p>\n","protected":false},"featured_media":5947194,"comment_status":"closed","ping_status":"closed","template":"","meta":[],"product_brand":[3235],"product_cat":[1424],"product_tag":[],"class_list":{"0":"post-3436679","1":"product","2":"type-product","3":"status-publish","4":"has-post-thumbnail","6":"product_brand-osculati-de","7":"product_cat-scharniere","9":"first","10":"instock","11":"shipping-taxable","12":"purchasable","13":"product-type-simple"},"_links":{"self":[{"href":"https:\/\/stoic-curie.212-227-153-4.plesk.page\/de\/wp-json\/wp\/v2\/product\/3436679","targetHints":{"allow":["GET"]}}],"collection":[{"href":"https:\/\/stoic-curie.212-227-153-4.plesk.page\/de\/wp-json\/wp\/v2\/product"}],"about":[{"href":"https:\/\/stoic-curie.212-227-153-4.plesk.page\/de\/wp-json\/wp\/v2\/types\/product"}],"replies":[{"embeddable":true,"href":"https:\/\/stoic-curie.212-227-153-4.plesk.page\/de\/wp-json\/wp\/v2\/comments?post=3436679"}],"version-history":[{"count":0,"href":"https:\/\/stoic-curie.212-227-153-4.plesk.page\/de\/wp-json\/wp\/v2\/product\/3436679\/revisions"}],"wp:featuredmedia":[{"embeddable":true,"href":"https:\/\/stoic-curie.212-227-153-4.plesk.page\/de\/wp-json\/wp\/v2\/media\/5947194"}],"wp:attachment":[{"href":"https:\/\/stoic-curie.212-227-153-4.plesk.page\/de\/wp-json\/wp\/v2\/media?parent=3436679"}],"wp:term":[{"taxonomy":"product_brand","embeddable":true,"href":"https:\/\/stoic-curie.212-227-153-4.plesk.page\/de\/wp-json\/wp\/v2\/product_brand?post=3436679"},{"taxonomy":"product_cat","embeddable":true,"href":"https:\/\/stoic-curie.212-227-153-4.plesk.page\/de\/wp-json\/wp\/v2\/product_cat?post=3436679"},{"taxonomy":"product_tag","embeddable":true,"href":"https:\/\/stoic-curie.212-227-153-4.plesk.page\/de\/wp-json\/wp\/v2\/product_tag?post=3436679"}],"curies":[{"name":"wp","href":"https:\/\/api.w.org\/{rel}","templated":true}]}}