{"id":3436694,"date":"2025-10-09T23:00:49","date_gmt":"2025-10-10T03:00:49","guid":{"rendered":"https:\/\/stoic-curie.212-227-153-4.plesk.page\/product\/quadratisches-reibungsscharnier-38x38-mm\/"},"modified":"2026-02-24T23:35:17","modified_gmt":"2026-02-24T23:35:17","slug":"quadratisches-reibungsscharnier-38x38-mm","status":"publish","type":"product","link":"https:\/\/stoic-curie.212-227-153-4.plesk.page\/de\/product\/quadratisches-reibungsscharnier-38x38-mm\/","title":{"rendered":"&#8220;Quadratisches Reibungsscharnier 38&#215;38 mm&#8221;"},"content":{"rendered":"<p>&#8220;Quadratisches Reibungsscharnier 38&#215;38 mm&#8221; &#8211; <\/p>\n<p>Roca Edelstahl-Reibungsbeschlag mit GEM Bronze-Lagern. Entwickelt f\u00fcr den maritimen Einsatz, erm\u00f6glicht er das \u00d6ffnen und Schlie\u00dfen von T\u00fcren, Klappen und Schr\u00e4nken, ohne dass es zu St\u00f6\u00dfen oder Besch\u00e4digungen durch Spiel oder Windb\u00f6en kommt. Das Reibungsmoment kann mit einer Innensechskantschraube am Stift eingestellt werden, was seine Effizienz erh\u00f6ht.<\/p>\n","protected":false},"excerpt":{"rendered":"<p>&#8220;Quadratisches Reibungsscharnier 38&#215;38 mm&#8221; &#8211; Roca Edelstahl-Reibungsbeschlag mit GEM Bronze-Lagern. Entwickelt f\u00fcr den maritimen Einsatz, erm\u00f6glicht er das \u00d6ffnen und<\/p>\n","protected":false},"featured_media":5947198,"comment_status":"closed","ping_status":"closed","template":"","meta":[],"product_brand":[3315],"product_cat":[1424],"product_tag":[],"class_list":{"0":"post-3436694","1":"product","2":"type-product","3":"status-publish","4":"has-post-thumbnail","6":"product_brand-roca-marine-de","7":"product_cat-scharniere","9":"first","10":"instock","11":"shipping-taxable","12":"purchasable","13":"product-type-simple"},"_links":{"self":[{"href":"https:\/\/stoic-curie.212-227-153-4.plesk.page\/de\/wp-json\/wp\/v2\/product\/3436694","targetHints":{"allow":["GET"]}}],"collection":[{"href":"https:\/\/stoic-curie.212-227-153-4.plesk.page\/de\/wp-json\/wp\/v2\/product"}],"about":[{"href":"https:\/\/stoic-curie.212-227-153-4.plesk.page\/de\/wp-json\/wp\/v2\/types\/product"}],"replies":[{"embeddable":true,"href":"https:\/\/stoic-curie.212-227-153-4.plesk.page\/de\/wp-json\/wp\/v2\/comments?post=3436694"}],"version-history":[{"count":0,"href":"https:\/\/stoic-curie.212-227-153-4.plesk.page\/de\/wp-json\/wp\/v2\/product\/3436694\/revisions"}],"wp:featuredmedia":[{"embeddable":true,"href":"https:\/\/stoic-curie.212-227-153-4.plesk.page\/de\/wp-json\/wp\/v2\/media\/5947198"}],"wp:attachment":[{"href":"https:\/\/stoic-curie.212-227-153-4.plesk.page\/de\/wp-json\/wp\/v2\/media?parent=3436694"}],"wp:term":[{"taxonomy":"product_brand","embeddable":true,"href":"https:\/\/stoic-curie.212-227-153-4.plesk.page\/de\/wp-json\/wp\/v2\/product_brand?post=3436694"},{"taxonomy":"product_cat","embeddable":true,"href":"https:\/\/stoic-curie.212-227-153-4.plesk.page\/de\/wp-json\/wp\/v2\/product_cat?post=3436694"},{"taxonomy":"product_tag","embeddable":true,"href":"https:\/\/stoic-curie.212-227-153-4.plesk.page\/de\/wp-json\/wp\/v2\/product_tag?post=3436694"}],"curies":[{"name":"wp","href":"https:\/\/api.w.org\/{rel}","templated":true}]}}