{"id":3436713,"date":"2025-10-09T23:00:50","date_gmt":"2025-10-10T03:00:50","guid":{"rendered":"https:\/\/stoic-curie.212-227-153-4.plesk.page\/product\/runde-seitenreibscharnier-38x76-bezug-rueckseite\/"},"modified":"2026-02-24T23:35:17","modified_gmt":"2026-02-24T23:35:17","slug":"runde-seitenreibscharnier-38x76-bezug-rueckseite","status":"publish","type":"product","link":"https:\/\/stoic-curie.212-227-153-4.plesk.page\/de\/product\/runde-seitenreibscharnier-38x76-bezug-rueckseite\/","title":{"rendered":"Runde Seitenreibscharnier 38&#215;76, Bezug: R\u00fcckseite"},"content":{"rendered":"<p>Runde Seitenreibscharnier 38&#215;76, Bezug: R\u00fcckseite &#8211; <\/p>\n<p>Roca Edelstahl-Drehgelenk mit GEM Bronze-Lagern. Entwickelt f\u00fcr den maritimen Einsatz erm\u00f6glicht es das \u00d6ffnen und Schlie\u00dfen von T\u00fcren, Klappen und Schr\u00e4nken ohne Aufprall und Sch\u00e4den durch Endspiel oder Windb\u00f6en. Das Reibmoment kann mit einer Innensechskantschraube am Stift eingestellt werden, was seine Effektivit\u00e4t erh\u00f6ht.<\/p>\n","protected":false},"excerpt":{"rendered":"<p>Runde Seitenreibscharnier 38&#215;76, Bezug: R\u00fcckseite &#8211; Roca Edelstahl-Drehgelenk mit GEM Bronze-Lagern. Entwickelt f\u00fcr den maritimen Einsatz erm\u00f6glicht es das \u00d6ffnen<\/p>\n","protected":false},"featured_media":5947204,"comment_status":"closed","ping_status":"closed","template":"","meta":[],"product_brand":[3315],"product_cat":[1424],"product_tag":[],"class_list":{"0":"post-3436713","1":"product","2":"type-product","3":"status-publish","4":"has-post-thumbnail","6":"product_brand-roca-marine-de","7":"product_cat-scharniere","9":"first","10":"instock","11":"shipping-taxable","12":"purchasable","13":"product-type-simple"},"_links":{"self":[{"href":"https:\/\/stoic-curie.212-227-153-4.plesk.page\/de\/wp-json\/wp\/v2\/product\/3436713","targetHints":{"allow":["GET"]}}],"collection":[{"href":"https:\/\/stoic-curie.212-227-153-4.plesk.page\/de\/wp-json\/wp\/v2\/product"}],"about":[{"href":"https:\/\/stoic-curie.212-227-153-4.plesk.page\/de\/wp-json\/wp\/v2\/types\/product"}],"replies":[{"embeddable":true,"href":"https:\/\/stoic-curie.212-227-153-4.plesk.page\/de\/wp-json\/wp\/v2\/comments?post=3436713"}],"version-history":[{"count":0,"href":"https:\/\/stoic-curie.212-227-153-4.plesk.page\/de\/wp-json\/wp\/v2\/product\/3436713\/revisions"}],"wp:featuredmedia":[{"embeddable":true,"href":"https:\/\/stoic-curie.212-227-153-4.plesk.page\/de\/wp-json\/wp\/v2\/media\/5947204"}],"wp:attachment":[{"href":"https:\/\/stoic-curie.212-227-153-4.plesk.page\/de\/wp-json\/wp\/v2\/media?parent=3436713"}],"wp:term":[{"taxonomy":"product_brand","embeddable":true,"href":"https:\/\/stoic-curie.212-227-153-4.plesk.page\/de\/wp-json\/wp\/v2\/product_brand?post=3436713"},{"taxonomy":"product_cat","embeddable":true,"href":"https:\/\/stoic-curie.212-227-153-4.plesk.page\/de\/wp-json\/wp\/v2\/product_cat?post=3436713"},{"taxonomy":"product_tag","embeddable":true,"href":"https:\/\/stoic-curie.212-227-153-4.plesk.page\/de\/wp-json\/wp\/v2\/product_tag?post=3436713"}],"curies":[{"name":"wp","href":"https:\/\/api.w.org\/{rel}","templated":true}]}}