{"id":3436731,"date":"2025-10-09T23:00:51","date_gmt":"2025-10-10T03:00:51","guid":{"rendered":"https:\/\/stoic-curie.212-227-153-4.plesk.page\/product\/edelstahl-reibungsscharnier-57-x-18-mm-exzentrisch\/"},"modified":"2026-02-24T23:35:17","modified_gmt":"2026-02-24T23:35:17","slug":"edelstahl-reibungsscharnier-57-x-18-mm-exzentrisch","status":"publish","type":"product","link":"https:\/\/stoic-curie.212-227-153-4.plesk.page\/de\/product\/edelstahl-reibungsscharnier-57-x-18-mm-exzentrisch\/","title":{"rendered":"Edelstahl-Reibungsscharnier 57 x 18 mm (exzentrisch)"},"content":{"rendered":"<p>Edelstahl-Reibungsscharnier 57 x 18 mm (exzentrisch) &#8211; <\/p>\n<p>A4 316 Edelstahl Friktionsscharnier mit 1,5 Nm Drehmoment und Anti-Vibrationskomponenten. Damit k\u00f6nnen T\u00fcren, Klappen und Schr\u00e4nke problemlos ge\u00f6ffnet und geschlossen werden, ohne dass es zu St\u00f6\u00dfen oder Sch\u00e4den durch Spiel oder Windb\u00f6en kommt.<\/p>\n","protected":false},"excerpt":{"rendered":"<p>Edelstahl-Reibungsscharnier 57 x 18 mm (exzentrisch) &#8211; A4 316 Edelstahl Friktionsscharnier mit 1,5 Nm Drehmoment und Anti-Vibrationskomponenten. Damit k\u00f6nnen T\u00fcren,<\/p>\n","protected":false},"featured_media":5947214,"comment_status":"closed","ping_status":"closed","template":"","meta":[],"product_brand":[3235],"product_cat":[1424],"product_tag":[],"class_list":{"0":"post-3436731","1":"product","2":"type-product","3":"status-publish","4":"has-post-thumbnail","6":"product_brand-osculati-de","7":"product_cat-scharniere","9":"first","10":"instock","11":"shipping-taxable","12":"purchasable","13":"product-type-simple"},"_links":{"self":[{"href":"https:\/\/stoic-curie.212-227-153-4.plesk.page\/de\/wp-json\/wp\/v2\/product\/3436731","targetHints":{"allow":["GET"]}}],"collection":[{"href":"https:\/\/stoic-curie.212-227-153-4.plesk.page\/de\/wp-json\/wp\/v2\/product"}],"about":[{"href":"https:\/\/stoic-curie.212-227-153-4.plesk.page\/de\/wp-json\/wp\/v2\/types\/product"}],"replies":[{"embeddable":true,"href":"https:\/\/stoic-curie.212-227-153-4.plesk.page\/de\/wp-json\/wp\/v2\/comments?post=3436731"}],"version-history":[{"count":0,"href":"https:\/\/stoic-curie.212-227-153-4.plesk.page\/de\/wp-json\/wp\/v2\/product\/3436731\/revisions"}],"wp:featuredmedia":[{"embeddable":true,"href":"https:\/\/stoic-curie.212-227-153-4.plesk.page\/de\/wp-json\/wp\/v2\/media\/5947214"}],"wp:attachment":[{"href":"https:\/\/stoic-curie.212-227-153-4.plesk.page\/de\/wp-json\/wp\/v2\/media?parent=3436731"}],"wp:term":[{"taxonomy":"product_brand","embeddable":true,"href":"https:\/\/stoic-curie.212-227-153-4.plesk.page\/de\/wp-json\/wp\/v2\/product_brand?post=3436731"},{"taxonomy":"product_cat","embeddable":true,"href":"https:\/\/stoic-curie.212-227-153-4.plesk.page\/de\/wp-json\/wp\/v2\/product_cat?post=3436731"},{"taxonomy":"product_tag","embeddable":true,"href":"https:\/\/stoic-curie.212-227-153-4.plesk.page\/de\/wp-json\/wp\/v2\/product_tag?post=3436731"}],"curies":[{"name":"wp","href":"https:\/\/api.w.org\/{rel}","templated":true}]}}