{"id":3436739,"date":"2025-10-09T23:00:51","date_gmt":"2025-10-10T03:00:51","guid":{"rendered":"https:\/\/stoic-curie.212-227-153-4.plesk.page\/product\/edelstahl-reibungsscharnier-51-x-285-mm\/"},"modified":"2026-02-24T23:35:17","modified_gmt":"2026-02-24T23:35:17","slug":"edelstahl-reibungsscharnier-51-x-285-mm","status":"publish","type":"product","link":"https:\/\/stoic-curie.212-227-153-4.plesk.page\/de\/product\/edelstahl-reibungsscharnier-51-x-285-mm\/","title":{"rendered":"Edelstahl-Reibungsscharnier 51 x 28,5 mm"},"content":{"rendered":"<p>Edelstahl-Reibungsscharnier 51 x 28,5 mm &#8211; <\/p>\n<p>A4 316 Edelstahl Reibungsb\u00e4nder mit 1,9 Nm Drehmoment und antivibrationskomponenten. Entwickelt, um T\u00fcren, Klappen und Schr\u00e4nke ohne Schlag und Sch\u00e4den durch Spiel oder Windst\u00f6\u00dfe zu \u00f6ffnen und zu schlie\u00dfen.<\/p>\n","protected":false},"excerpt":{"rendered":"<p>Edelstahl-Reibungsscharnier 51 x 28,5 mm &#8211; A4 316 Edelstahl Reibungsb\u00e4nder mit 1,9 Nm Drehmoment und antivibrationskomponenten. Entwickelt, um T\u00fcren, Klappen<\/p>\n","protected":false},"featured_media":5947216,"comment_status":"closed","ping_status":"closed","template":"","meta":[],"product_brand":[3235],"product_cat":[1424],"product_tag":[],"class_list":{"0":"post-3436739","1":"product","2":"type-product","3":"status-publish","4":"has-post-thumbnail","6":"product_brand-osculati-de","7":"product_cat-scharniere","9":"first","10":"instock","11":"shipping-taxable","12":"purchasable","13":"product-type-simple"},"_links":{"self":[{"href":"https:\/\/stoic-curie.212-227-153-4.plesk.page\/de\/wp-json\/wp\/v2\/product\/3436739","targetHints":{"allow":["GET"]}}],"collection":[{"href":"https:\/\/stoic-curie.212-227-153-4.plesk.page\/de\/wp-json\/wp\/v2\/product"}],"about":[{"href":"https:\/\/stoic-curie.212-227-153-4.plesk.page\/de\/wp-json\/wp\/v2\/types\/product"}],"replies":[{"embeddable":true,"href":"https:\/\/stoic-curie.212-227-153-4.plesk.page\/de\/wp-json\/wp\/v2\/comments?post=3436739"}],"version-history":[{"count":0,"href":"https:\/\/stoic-curie.212-227-153-4.plesk.page\/de\/wp-json\/wp\/v2\/product\/3436739\/revisions"}],"wp:featuredmedia":[{"embeddable":true,"href":"https:\/\/stoic-curie.212-227-153-4.plesk.page\/de\/wp-json\/wp\/v2\/media\/5947216"}],"wp:attachment":[{"href":"https:\/\/stoic-curie.212-227-153-4.plesk.page\/de\/wp-json\/wp\/v2\/media?parent=3436739"}],"wp:term":[{"taxonomy":"product_brand","embeddable":true,"href":"https:\/\/stoic-curie.212-227-153-4.plesk.page\/de\/wp-json\/wp\/v2\/product_brand?post=3436739"},{"taxonomy":"product_cat","embeddable":true,"href":"https:\/\/stoic-curie.212-227-153-4.plesk.page\/de\/wp-json\/wp\/v2\/product_cat?post=3436739"},{"taxonomy":"product_tag","embeddable":true,"href":"https:\/\/stoic-curie.212-227-153-4.plesk.page\/de\/wp-json\/wp\/v2\/product_tag?post=3436739"}],"curies":[{"name":"wp","href":"https:\/\/api.w.org\/{rel}","templated":true}]}}