{"id":3437486,"date":"2025-10-09T23:01:19","date_gmt":"2025-10-10T03:01:19","guid":{"rendered":"https:\/\/stoic-curie.212-227-153-4.plesk.page\/product\/modularer-spanner-edelstahlgehaeuse-m10\/"},"modified":"2026-02-24T23:35:18","modified_gmt":"2026-02-24T23:35:18","slug":"modularer-spanner-edelstahlgehaeuse-m10","status":"publish","type":"product","link":"https:\/\/stoic-curie.212-227-153-4.plesk.page\/de\/product\/modularer-spanner-edelstahlgehaeuse-m10\/","title":{"rendered":"Modularer Spanner &#8211; Edelstahlgeh\u00e4use M10"},"content":{"rendered":"<p>Modularer Spanner &#8211; Edelstahlgeh\u00e4use M10 &#8211; <\/p>\n<p>Modular Windenmuttern aus 316 Edelstahl. Komponenten m\u00fcssen separat erworben werden, um die gew\u00fcnschte Zugspindel zusammenzubauen. L = Linksgewinde R = Rechtsgewinde<\/p>\n","protected":false},"excerpt":{"rendered":"<p>Modularer Spanner &#8211; Edelstahlgeh\u00e4use M10 &#8211; Modular Windenmuttern aus 316 Edelstahl. Komponenten m\u00fcssen separat erworben werden, um die gew\u00fcnschte Zugspindel<\/p>\n","protected":false},"featured_media":5947257,"comment_status":"closed","ping_status":"closed","template":"","meta":[],"product_brand":[3120],"product_cat":[1414,1470],"product_tag":[],"class_list":{"0":"post-3437486","1":"product","2":"type-product","3":"status-publish","4":"has-post-thumbnail","6":"product_brand-marinetech-de","7":"product_cat-kabelspanner","8":"product_cat-stellbolzen-und-stageneinsteller","10":"first","11":"instock","12":"shipping-taxable","13":"purchasable","14":"product-type-simple"},"_links":{"self":[{"href":"https:\/\/stoic-curie.212-227-153-4.plesk.page\/de\/wp-json\/wp\/v2\/product\/3437486","targetHints":{"allow":["GET"]}}],"collection":[{"href":"https:\/\/stoic-curie.212-227-153-4.plesk.page\/de\/wp-json\/wp\/v2\/product"}],"about":[{"href":"https:\/\/stoic-curie.212-227-153-4.plesk.page\/de\/wp-json\/wp\/v2\/types\/product"}],"replies":[{"embeddable":true,"href":"https:\/\/stoic-curie.212-227-153-4.plesk.page\/de\/wp-json\/wp\/v2\/comments?post=3437486"}],"version-history":[{"count":0,"href":"https:\/\/stoic-curie.212-227-153-4.plesk.page\/de\/wp-json\/wp\/v2\/product\/3437486\/revisions"}],"wp:featuredmedia":[{"embeddable":true,"href":"https:\/\/stoic-curie.212-227-153-4.plesk.page\/de\/wp-json\/wp\/v2\/media\/5947257"}],"wp:attachment":[{"href":"https:\/\/stoic-curie.212-227-153-4.plesk.page\/de\/wp-json\/wp\/v2\/media?parent=3437486"}],"wp:term":[{"taxonomy":"product_brand","embeddable":true,"href":"https:\/\/stoic-curie.212-227-153-4.plesk.page\/de\/wp-json\/wp\/v2\/product_brand?post=3437486"},{"taxonomy":"product_cat","embeddable":true,"href":"https:\/\/stoic-curie.212-227-153-4.plesk.page\/de\/wp-json\/wp\/v2\/product_cat?post=3437486"},{"taxonomy":"product_tag","embeddable":true,"href":"https:\/\/stoic-curie.212-227-153-4.plesk.page\/de\/wp-json\/wp\/v2\/product_tag?post=3437486"}],"curies":[{"name":"wp","href":"https:\/\/api.w.org\/{rel}","templated":true}]}}