{"id":3437540,"date":"2025-10-09T23:01:22","date_gmt":"2025-10-10T03:01:22","guid":{"rendered":"https:\/\/stoic-curie.212-227-153-4.plesk.page\/product\/lahna-riemenlagerhuelse-fuer-44-mm\/"},"modified":"2026-02-24T23:35:18","modified_gmt":"2026-02-24T23:35:18","slug":"lahna-riemenlagerhuelse-fuer-44-mm","status":"publish","type":"product","link":"https:\/\/stoic-curie.212-227-153-4.plesk.page\/de\/product\/lahna-riemenlagerhuelse-fuer-44-mm\/","title":{"rendered":"Lahna Riemenlagerh\u00fclse f\u00fcr 44 mm"},"content":{"rendered":"<p>Lahna Riemenlagerh\u00fclse f\u00fcr 44 mm &#8211; <\/p>\n<p>Robuste Gummischutz f\u00fcr Lahna-Ruder.<\/p>\n","protected":false},"excerpt":{"rendered":"<p>Lahna Riemenlagerh\u00fclse f\u00fcr 44 mm &#8211; Robuste Gummischutz f\u00fcr Lahna-Ruder.<\/p>\n","protected":false},"featured_media":5947271,"comment_status":"closed","ping_status":"closed","template":"","meta":[],"product_brand":[3060],"product_cat":[1549],"product_tag":[],"class_list":{"0":"post-3437540","1":"product","2":"type-product","3":"status-publish","4":"has-post-thumbnail","6":"product_brand-lahna-de","7":"product_cat-ruder-und-paddel","9":"first","10":"instock","11":"shipping-taxable","12":"purchasable","13":"product-type-simple"},"_links":{"self":[{"href":"https:\/\/stoic-curie.212-227-153-4.plesk.page\/de\/wp-json\/wp\/v2\/product\/3437540","targetHints":{"allow":["GET"]}}],"collection":[{"href":"https:\/\/stoic-curie.212-227-153-4.plesk.page\/de\/wp-json\/wp\/v2\/product"}],"about":[{"href":"https:\/\/stoic-curie.212-227-153-4.plesk.page\/de\/wp-json\/wp\/v2\/types\/product"}],"replies":[{"embeddable":true,"href":"https:\/\/stoic-curie.212-227-153-4.plesk.page\/de\/wp-json\/wp\/v2\/comments?post=3437540"}],"version-history":[{"count":0,"href":"https:\/\/stoic-curie.212-227-153-4.plesk.page\/de\/wp-json\/wp\/v2\/product\/3437540\/revisions"}],"wp:featuredmedia":[{"embeddable":true,"href":"https:\/\/stoic-curie.212-227-153-4.plesk.page\/de\/wp-json\/wp\/v2\/media\/5947271"}],"wp:attachment":[{"href":"https:\/\/stoic-curie.212-227-153-4.plesk.page\/de\/wp-json\/wp\/v2\/media?parent=3437540"}],"wp:term":[{"taxonomy":"product_brand","embeddable":true,"href":"https:\/\/stoic-curie.212-227-153-4.plesk.page\/de\/wp-json\/wp\/v2\/product_brand?post=3437540"},{"taxonomy":"product_cat","embeddable":true,"href":"https:\/\/stoic-curie.212-227-153-4.plesk.page\/de\/wp-json\/wp\/v2\/product_cat?post=3437540"},{"taxonomy":"product_tag","embeddable":true,"href":"https:\/\/stoic-curie.212-227-153-4.plesk.page\/de\/wp-json\/wp\/v2\/product_tag?post=3437540"}],"curies":[{"name":"wp","href":"https:\/\/api.w.org\/{rel}","templated":true}]}}