{"id":3437589,"date":"2025-10-09T23:01:23","date_gmt":"2025-10-10T03:01:23","guid":{"rendered":"https:\/\/stoic-curie.212-227-153-4.plesk.page\/product\/ersatz-pvc-huelsen-fuer-angelrutenhalter-4035-mm\/"},"modified":"2026-02-24T23:35:18","modified_gmt":"2026-02-24T23:35:18","slug":"ersatz-pvc-huelsen-fuer-angelrutenhalter-4035-mm","status":"publish","type":"product","link":"https:\/\/stoic-curie.212-227-153-4.plesk.page\/de\/product\/ersatz-pvc-huelsen-fuer-angelrutenhalter-4035-mm\/","title":{"rendered":"Ersatz-PVC-H\u00fclsen f\u00fcr Angelrutenhalter 40>35 mm"},"content":{"rendered":"<p>Ersatz-PVC-H\u00fclsen f\u00fcr Angelrutenhalter 40>35 mm &#8211; <\/p>\n<p>Kunststoffreduktionen f\u00fcr Rohrschellen nach Dicke. 2 St\u00fcck pro Packung.<\/p>\n","protected":false},"excerpt":{"rendered":"<p>Ersatz-PVC-H\u00fclsen f\u00fcr Angelrutenhalter 40>35 mm &#8211; Kunststoffreduktionen f\u00fcr Rohrschellen nach Dicke. 2 St\u00fcck pro Packung.<\/p>\n","protected":false},"featured_media":5947280,"comment_status":"closed","ping_status":"closed","template":"","meta":[],"product_brand":[2945],"product_cat":[1393],"product_tag":[],"class_list":{"0":"post-3437589","1":"product","2":"type-product","3":"status-publish","4":"has-post-thumbnail","6":"product_brand-foresti-suardi-de","7":"product_cat-angelrutenhalter","9":"first","10":"instock","11":"shipping-taxable","12":"purchasable","13":"product-type-simple"},"_links":{"self":[{"href":"https:\/\/stoic-curie.212-227-153-4.plesk.page\/de\/wp-json\/wp\/v2\/product\/3437589","targetHints":{"allow":["GET"]}}],"collection":[{"href":"https:\/\/stoic-curie.212-227-153-4.plesk.page\/de\/wp-json\/wp\/v2\/product"}],"about":[{"href":"https:\/\/stoic-curie.212-227-153-4.plesk.page\/de\/wp-json\/wp\/v2\/types\/product"}],"replies":[{"embeddable":true,"href":"https:\/\/stoic-curie.212-227-153-4.plesk.page\/de\/wp-json\/wp\/v2\/comments?post=3437589"}],"version-history":[{"count":0,"href":"https:\/\/stoic-curie.212-227-153-4.plesk.page\/de\/wp-json\/wp\/v2\/product\/3437589\/revisions"}],"wp:featuredmedia":[{"embeddable":true,"href":"https:\/\/stoic-curie.212-227-153-4.plesk.page\/de\/wp-json\/wp\/v2\/media\/5947280"}],"wp:attachment":[{"href":"https:\/\/stoic-curie.212-227-153-4.plesk.page\/de\/wp-json\/wp\/v2\/media?parent=3437589"}],"wp:term":[{"taxonomy":"product_brand","embeddable":true,"href":"https:\/\/stoic-curie.212-227-153-4.plesk.page\/de\/wp-json\/wp\/v2\/product_brand?post=3437589"},{"taxonomy":"product_cat","embeddable":true,"href":"https:\/\/stoic-curie.212-227-153-4.plesk.page\/de\/wp-json\/wp\/v2\/product_cat?post=3437589"},{"taxonomy":"product_tag","embeddable":true,"href":"https:\/\/stoic-curie.212-227-153-4.plesk.page\/de\/wp-json\/wp\/v2\/product_tag?post=3437589"}],"curies":[{"name":"wp","href":"https:\/\/api.w.org\/{rel}","templated":true}]}}