{"id":3437600,"date":"2025-10-09T23:01:24","date_gmt":"2025-10-10T03:01:24","guid":{"rendered":"https:\/\/stoic-curie.212-227-153-4.plesk.page\/product\/aluminiumscharniere-fuer-sitze-254-x-203mm-0846011\/"},"modified":"2026-02-24T23:35:18","modified_gmt":"2026-02-24T23:35:18","slug":"aluminiumscharniere-fuer-sitze-254-x-203mm-0846011","status":"publish","type":"product","link":"https:\/\/stoic-curie.212-227-153-4.plesk.page\/de\/product\/aluminiumscharniere-fuer-sitze-254-x-203mm-0846011\/","title":{"rendered":"Aluminiumscharniere f\u00fcr Sitze 254 x 203mm (0846011)"},"content":{"rendered":"<p>Aluminiumscharniere f\u00fcr Sitze 254 x 203mm (0846011) &#8211; <\/p>\n<p>Eloxierte Aluminiumssitzscharniere mit Edelstahlbolzen. 0846011 und 0846012 sind mit einem System ausgestattet, das das Einklemmen der Finger beim Schlie\u00dfen des Sitzes verhindert. Dar\u00fcber hinaus ist 0846012 vollst\u00e4ndig bis 180\u00b0 faltbar.<\/p>\n","protected":false},"excerpt":{"rendered":"<p>Aluminiumscharniere f\u00fcr Sitze 254 x 203mm (0846011) &#8211; Eloxierte Aluminiumssitzscharniere mit Edelstahlbolzen. 0846011 und 0846012 sind mit einem System ausgestattet,<\/p>\n","protected":false},"featured_media":5947283,"comment_status":"closed","ping_status":"closed","template":"","meta":[],"product_brand":[2965],"product_cat":[1391],"product_tag":[],"class_list":{"0":"post-3437600","1":"product","2":"type-product","3":"status-publish","4":"has-post-thumbnail","6":"product_brand-garelick-de","7":"product_cat-bootsitze","9":"first","10":"instock","11":"shipping-taxable","12":"purchasable","13":"product-type-simple"},"_links":{"self":[{"href":"https:\/\/stoic-curie.212-227-153-4.plesk.page\/de\/wp-json\/wp\/v2\/product\/3437600","targetHints":{"allow":["GET"]}}],"collection":[{"href":"https:\/\/stoic-curie.212-227-153-4.plesk.page\/de\/wp-json\/wp\/v2\/product"}],"about":[{"href":"https:\/\/stoic-curie.212-227-153-4.plesk.page\/de\/wp-json\/wp\/v2\/types\/product"}],"replies":[{"embeddable":true,"href":"https:\/\/stoic-curie.212-227-153-4.plesk.page\/de\/wp-json\/wp\/v2\/comments?post=3437600"}],"version-history":[{"count":0,"href":"https:\/\/stoic-curie.212-227-153-4.plesk.page\/de\/wp-json\/wp\/v2\/product\/3437600\/revisions"}],"wp:featuredmedia":[{"embeddable":true,"href":"https:\/\/stoic-curie.212-227-153-4.plesk.page\/de\/wp-json\/wp\/v2\/media\/5947283"}],"wp:attachment":[{"href":"https:\/\/stoic-curie.212-227-153-4.plesk.page\/de\/wp-json\/wp\/v2\/media?parent=3437600"}],"wp:term":[{"taxonomy":"product_brand","embeddable":true,"href":"https:\/\/stoic-curie.212-227-153-4.plesk.page\/de\/wp-json\/wp\/v2\/product_brand?post=3437600"},{"taxonomy":"product_cat","embeddable":true,"href":"https:\/\/stoic-curie.212-227-153-4.plesk.page\/de\/wp-json\/wp\/v2\/product_cat?post=3437600"},{"taxonomy":"product_tag","embeddable":true,"href":"https:\/\/stoic-curie.212-227-153-4.plesk.page\/de\/wp-json\/wp\/v2\/product_tag?post=3437600"}],"curies":[{"name":"wp","href":"https:\/\/api.w.org\/{rel}","templated":true}]}}