{"id":3437616,"date":"2025-10-09T23:01:24","date_gmt":"2025-10-10T03:01:24","guid":{"rendered":"https:\/\/stoic-curie.212-227-153-4.plesk.page\/product\/twist-lock-basis-fuer-50-mm-rohr-o-mm-basis-175-o-mm\/"},"modified":"2026-02-24T23:35:18","modified_gmt":"2026-02-24T23:35:18","slug":"twist-lock-basis-fuer-50-mm-rohr-o-mm-basis-175-o-mm","status":"publish","type":"product","link":"https:\/\/stoic-curie.212-227-153-4.plesk.page\/de\/product\/twist-lock-basis-fuer-50-mm-rohr-o-mm-basis-175-o-mm\/","title":{"rendered":"Twist-Lock-Basis f\u00fcr 50-mm-Rohr \u00f8 mm Basis 175 \u00f8 mm"},"content":{"rendered":"<p>Twist-Lock-Basis f\u00fcr 50-mm-Rohr \u00f8 mm Basis 175 \u00f8 mm &#8211; <\/p>\n<p>Satinierte anodisierte Aluminium-Basis f\u00fcr abnehmbare Tischpedestale mit dem alten Twist-Lock-System. Mit Gewindebohrung f\u00fcr Pedestale mit 50 mm Durchmesser. Reifenbasis mit 175 mm Durchmesser und 6 L\u00f6chern von 145 mm.<\/p>\n","protected":false},"excerpt":{"rendered":"<p>Twist-Lock-Basis f\u00fcr 50-mm-Rohr \u00f8 mm Basis 175 \u00f8 mm &#8211; Satinierte anodisierte Aluminium-Basis f\u00fcr abnehmbare Tischpedestale mit dem alten Twist-Lock-System.<\/p>\n","protected":false},"featured_media":5947284,"comment_status":"closed","ping_status":"closed","template":"","meta":[],"product_brand":[2965],"product_cat":[1355],"product_tag":[],"class_list":{"0":"post-3437616","1":"product","2":"type-product","3":"status-publish","4":"has-post-thumbnail","6":"product_brand-garelick-de","7":"product_cat-stuehle-und-tische","9":"first","10":"instock","11":"shipping-taxable","12":"purchasable","13":"product-type-simple"},"_links":{"self":[{"href":"https:\/\/stoic-curie.212-227-153-4.plesk.page\/de\/wp-json\/wp\/v2\/product\/3437616","targetHints":{"allow":["GET"]}}],"collection":[{"href":"https:\/\/stoic-curie.212-227-153-4.plesk.page\/de\/wp-json\/wp\/v2\/product"}],"about":[{"href":"https:\/\/stoic-curie.212-227-153-4.plesk.page\/de\/wp-json\/wp\/v2\/types\/product"}],"replies":[{"embeddable":true,"href":"https:\/\/stoic-curie.212-227-153-4.plesk.page\/de\/wp-json\/wp\/v2\/comments?post=3437616"}],"version-history":[{"count":0,"href":"https:\/\/stoic-curie.212-227-153-4.plesk.page\/de\/wp-json\/wp\/v2\/product\/3437616\/revisions"}],"wp:featuredmedia":[{"embeddable":true,"href":"https:\/\/stoic-curie.212-227-153-4.plesk.page\/de\/wp-json\/wp\/v2\/media\/5947284"}],"wp:attachment":[{"href":"https:\/\/stoic-curie.212-227-153-4.plesk.page\/de\/wp-json\/wp\/v2\/media?parent=3437616"}],"wp:term":[{"taxonomy":"product_brand","embeddable":true,"href":"https:\/\/stoic-curie.212-227-153-4.plesk.page\/de\/wp-json\/wp\/v2\/product_brand?post=3437616"},{"taxonomy":"product_cat","embeddable":true,"href":"https:\/\/stoic-curie.212-227-153-4.plesk.page\/de\/wp-json\/wp\/v2\/product_cat?post=3437616"},{"taxonomy":"product_tag","embeddable":true,"href":"https:\/\/stoic-curie.212-227-153-4.plesk.page\/de\/wp-json\/wp\/v2\/product_tag?post=3437616"}],"curies":[{"name":"wp","href":"https:\/\/api.w.org\/{rel}","templated":true}]}}