{"id":3437812,"date":"2025-10-09T23:01:33","date_gmt":"2025-10-10T03:01:33","guid":{"rendered":"https:\/\/stoic-curie.212-227-153-4.plesk.page\/product\/edelstahl-luftschaufel-entlueftungsgitter-93-x-87-x-h25mm\/"},"modified":"2026-02-24T23:35:18","modified_gmt":"2026-02-24T23:35:18","slug":"edelstahl-luftschaufel-entlueftungsgitter-93-x-87-x-h25mm","status":"publish","type":"product","link":"https:\/\/stoic-curie.212-227-153-4.plesk.page\/de\/product\/edelstahl-luftschaufel-entlueftungsgitter-93-x-87-x-h25mm\/","title":{"rendered":"Edelstahl-Luftschaufel-Entl\u00fcftungsgitter 93 x 87 x H25mm"},"content":{"rendered":"<p>Edelstahl-Luftschaufel-Entl\u00fcftungsgitter 93 x 87 x H25mm &#8211; <\/p>\n<p>Edelstahl-Klappschale, ideal f\u00fcr L\u00fcftungs- oder Entw\u00e4sserungsabdeckungen.<\/p>\n","protected":false},"excerpt":{"rendered":"<p>Edelstahl-Luftschaufel-Entl\u00fcftungsgitter 93 x 87 x H25mm &#8211; Edelstahl-Klappschale, ideal f\u00fcr L\u00fcftungs- oder Entw\u00e4sserungsabdeckungen.<\/p>\n","protected":false},"featured_media":5947322,"comment_status":"closed","ping_status":"closed","template":"","meta":[],"product_brand":[3235],"product_cat":[1380,1412],"product_tag":[],"class_list":{"0":"post-3437812","1":"product","2":"type-product","3":"status-publish","4":"has-post-thumbnail","6":"product_brand-osculati-de","7":"product_cat-ablaufstopfen","8":"product_cat-bootdeckbelueftungen","10":"first","11":"instock","12":"shipping-taxable","13":"purchasable","14":"product-type-simple"},"_links":{"self":[{"href":"https:\/\/stoic-curie.212-227-153-4.plesk.page\/de\/wp-json\/wp\/v2\/product\/3437812","targetHints":{"allow":["GET"]}}],"collection":[{"href":"https:\/\/stoic-curie.212-227-153-4.plesk.page\/de\/wp-json\/wp\/v2\/product"}],"about":[{"href":"https:\/\/stoic-curie.212-227-153-4.plesk.page\/de\/wp-json\/wp\/v2\/types\/product"}],"replies":[{"embeddable":true,"href":"https:\/\/stoic-curie.212-227-153-4.plesk.page\/de\/wp-json\/wp\/v2\/comments?post=3437812"}],"version-history":[{"count":0,"href":"https:\/\/stoic-curie.212-227-153-4.plesk.page\/de\/wp-json\/wp\/v2\/product\/3437812\/revisions"}],"wp:featuredmedia":[{"embeddable":true,"href":"https:\/\/stoic-curie.212-227-153-4.plesk.page\/de\/wp-json\/wp\/v2\/media\/5947322"}],"wp:attachment":[{"href":"https:\/\/stoic-curie.212-227-153-4.plesk.page\/de\/wp-json\/wp\/v2\/media?parent=3437812"}],"wp:term":[{"taxonomy":"product_brand","embeddable":true,"href":"https:\/\/stoic-curie.212-227-153-4.plesk.page\/de\/wp-json\/wp\/v2\/product_brand?post=3437812"},{"taxonomy":"product_cat","embeddable":true,"href":"https:\/\/stoic-curie.212-227-153-4.plesk.page\/de\/wp-json\/wp\/v2\/product_cat?post=3437812"},{"taxonomy":"product_tag","embeddable":true,"href":"https:\/\/stoic-curie.212-227-153-4.plesk.page\/de\/wp-json\/wp\/v2\/product_tag?post=3437812"}],"curies":[{"name":"wp","href":"https:\/\/api.w.org\/{rel}","templated":true}]}}