{"id":3437892,"date":"2025-10-09T23:01:36","date_gmt":"2025-10-10T03:01:36","guid":{"rendered":"https:\/\/stoic-curie.212-227-153-4.plesk.page\/product\/abflussauslass-38mm-11-4\/"},"modified":"2026-02-24T23:35:18","modified_gmt":"2026-02-24T23:35:18","slug":"abflussauslass-38mm-11-4","status":"publish","type":"product","link":"https:\/\/stoic-curie.212-227-153-4.plesk.page\/de\/product\/abflussauslass-38mm-11-4\/","title":{"rendered":"Abflussauslass 38mm (1&#8243;1\/4)"},"content":{"rendered":"<p>Abflussauslass 38mm (1&#8243;1\/4) &#8211; <\/p>\n<p>Gro\u00dfes gerades Sp\u00fclbeckenabfluss f\u00fcr Sp\u00fclen mit 50 mm Loch mit Kappe und Gewindeauslass.<\/p>\n","protected":false},"excerpt":{"rendered":"<p>Abflussauslass 38mm (1&#8243;1\/4) &#8211; Gro\u00dfes gerades Sp\u00fclbeckenabfluss f\u00fcr Sp\u00fclen mit 50 mm Loch mit Kappe und Gewindeauslass.<\/p>\n","protected":false},"featured_media":5947338,"comment_status":"closed","ping_status":"closed","template":"","meta":[],"product_brand":[3355],"product_cat":[1376],"product_tag":[],"class_list":{"0":"post-3437892","1":"product","2":"type-product","3":"status-publish","4":"has-post-thumbnail","6":"product_brand-seaflow-de","7":"product_cat-spuelbecken","9":"first","10":"instock","11":"shipping-taxable","12":"purchasable","13":"product-type-simple"},"_links":{"self":[{"href":"https:\/\/stoic-curie.212-227-153-4.plesk.page\/de\/wp-json\/wp\/v2\/product\/3437892","targetHints":{"allow":["GET"]}}],"collection":[{"href":"https:\/\/stoic-curie.212-227-153-4.plesk.page\/de\/wp-json\/wp\/v2\/product"}],"about":[{"href":"https:\/\/stoic-curie.212-227-153-4.plesk.page\/de\/wp-json\/wp\/v2\/types\/product"}],"replies":[{"embeddable":true,"href":"https:\/\/stoic-curie.212-227-153-4.plesk.page\/de\/wp-json\/wp\/v2\/comments?post=3437892"}],"version-history":[{"count":0,"href":"https:\/\/stoic-curie.212-227-153-4.plesk.page\/de\/wp-json\/wp\/v2\/product\/3437892\/revisions"}],"wp:featuredmedia":[{"embeddable":true,"href":"https:\/\/stoic-curie.212-227-153-4.plesk.page\/de\/wp-json\/wp\/v2\/media\/5947338"}],"wp:attachment":[{"href":"https:\/\/stoic-curie.212-227-153-4.plesk.page\/de\/wp-json\/wp\/v2\/media?parent=3437892"}],"wp:term":[{"taxonomy":"product_brand","embeddable":true,"href":"https:\/\/stoic-curie.212-227-153-4.plesk.page\/de\/wp-json\/wp\/v2\/product_brand?post=3437892"},{"taxonomy":"product_cat","embeddable":true,"href":"https:\/\/stoic-curie.212-227-153-4.plesk.page\/de\/wp-json\/wp\/v2\/product_cat?post=3437892"},{"taxonomy":"product_tag","embeddable":true,"href":"https:\/\/stoic-curie.212-227-153-4.plesk.page\/de\/wp-json\/wp\/v2\/product_tag?post=3437892"}],"curies":[{"name":"wp","href":"https:\/\/api.w.org\/{rel}","templated":true}]}}