{"id":3437978,"date":"2025-10-09T23:01:39","date_gmt":"2025-10-10T03:01:39","guid":{"rendered":"https:\/\/stoic-curie.212-227-153-4.plesk.page\/product\/tragbarer-kuehlschrank-jazo-48lt\/"},"modified":"2026-02-24T23:35:18","modified_gmt":"2026-02-24T23:35:18","slug":"tragbarer-kuehlschrank-jazo-48lt","status":"publish","type":"product","link":"https:\/\/stoic-curie.212-227-153-4.plesk.page\/de\/product\/tragbarer-kuehlschrank-jazo-48lt\/","title":{"rendered":"Tragbarer K\u00fchlschrank Jazo 48lt"},"content":{"rendered":"<p>Tragbarer K\u00fchlschrank Jazo 48lt &#8211; <\/p>\n<p>Sehr leichte, leistungsstarke tragbare K\u00fchlboxen, ideal f\u00fcr jede Freizeitaktivit\u00e4t auf dem Wasser. Hergestellt aus innovativem EPS-Material, das au\u00dfergew\u00f6hnliche Widerstandsf\u00e4higkeit und Isolierung zu reduzierten Kosten garantiert. Mit der Zugabe von Eis kann die Temperatur 12 Stunden lang gehalten werden, wobei nur ein Grad verloren geht. Ausgestattet mit einem Hakenverschluss-System und einem verstellbaren Schultergurt.<\/p>\n","protected":false},"excerpt":{"rendered":"<p>Tragbarer K\u00fchlschrank Jazo 48lt &#8211; Sehr leichte, leistungsstarke tragbare K\u00fchlboxen, ideal f\u00fcr jede Freizeitaktivit\u00e4t auf dem Wasser. Hergestellt aus innovativem<\/p>\n","protected":false},"featured_media":5947358,"comment_status":"closed","ping_status":"closed","template":"","meta":[],"product_brand":[3235],"product_cat":[1359],"product_tag":[],"class_list":{"0":"post-3437978","1":"product","2":"type-product","3":"status-publish","4":"has-post-thumbnail","6":"product_brand-osculati-de","7":"product_cat-kuehlbox-kuehlgeraete","9":"first","10":"instock","11":"shipping-taxable","12":"purchasable","13":"product-type-simple"},"_links":{"self":[{"href":"https:\/\/stoic-curie.212-227-153-4.plesk.page\/de\/wp-json\/wp\/v2\/product\/3437978","targetHints":{"allow":["GET"]}}],"collection":[{"href":"https:\/\/stoic-curie.212-227-153-4.plesk.page\/de\/wp-json\/wp\/v2\/product"}],"about":[{"href":"https:\/\/stoic-curie.212-227-153-4.plesk.page\/de\/wp-json\/wp\/v2\/types\/product"}],"replies":[{"embeddable":true,"href":"https:\/\/stoic-curie.212-227-153-4.plesk.page\/de\/wp-json\/wp\/v2\/comments?post=3437978"}],"version-history":[{"count":0,"href":"https:\/\/stoic-curie.212-227-153-4.plesk.page\/de\/wp-json\/wp\/v2\/product\/3437978\/revisions"}],"wp:featuredmedia":[{"embeddable":true,"href":"https:\/\/stoic-curie.212-227-153-4.plesk.page\/de\/wp-json\/wp\/v2\/media\/5947358"}],"wp:attachment":[{"href":"https:\/\/stoic-curie.212-227-153-4.plesk.page\/de\/wp-json\/wp\/v2\/media?parent=3437978"}],"wp:term":[{"taxonomy":"product_brand","embeddable":true,"href":"https:\/\/stoic-curie.212-227-153-4.plesk.page\/de\/wp-json\/wp\/v2\/product_brand?post=3437978"},{"taxonomy":"product_cat","embeddable":true,"href":"https:\/\/stoic-curie.212-227-153-4.plesk.page\/de\/wp-json\/wp\/v2\/product_cat?post=3437978"},{"taxonomy":"product_tag","embeddable":true,"href":"https:\/\/stoic-curie.212-227-153-4.plesk.page\/de\/wp-json\/wp\/v2\/product_tag?post=3437978"}],"curies":[{"name":"wp","href":"https:\/\/api.w.org\/{rel}","templated":true}]}}