{"id":3438006,"date":"2025-10-09T23:01:40","date_gmt":"2025-10-10T03:01:40","guid":{"rendered":"https:\/\/stoic-curie.212-227-153-4.plesk.page\/product\/nitrilimpeller-cef-500210-jabsco-6303-03\/"},"modified":"2026-02-24T23:35:18","modified_gmt":"2026-02-24T23:35:18","slug":"nitrilimpeller-cef-500210-jabsco-6303-03","status":"publish","type":"product","link":"https:\/\/stoic-curie.212-227-153-4.plesk.page\/de\/product\/nitrilimpeller-cef-500210-jabsco-6303-03\/","title":{"rendered":"Nitrilimpeller Cef 500210, Jabsco 6303-03"},"content":{"rendered":"<p>Nitrilimpeller Cef 500210, Jabsco 6303-03 &#8211; <\/p>\n<p>Ersetzungsimpeller f\u00fcr K\u00fchl- und Wassersystempumpen des Motors. Neopren: f\u00fcr S\u00fc\u00df- und Salzwasser Nitril: f\u00fcr Bilgen, \u00d6le und Derivate<\/p>\n","protected":false},"excerpt":{"rendered":"<p>Nitrilimpeller Cef 500210, Jabsco 6303-03 &#8211; Ersetzungsimpeller f\u00fcr K\u00fchl- und Wassersystempumpen des Motors. Neopren: f\u00fcr S\u00fc\u00df- und Salzwasser Nitril: f\u00fcr<\/p>\n","protected":false},"featured_media":5947383,"comment_status":"closed","ping_status":"closed","template":"","meta":[],"product_brand":[3390],"product_cat":[1522],"product_tag":[],"class_list":{"0":"post-3438006","1":"product","2":"type-product","3":"status-publish","4":"has-post-thumbnail","6":"product_brand-sierra-marine-de","7":"product_cat-motorkuehlpumpen","9":"first","10":"instock","11":"shipping-taxable","12":"purchasable","13":"product-type-simple"},"_links":{"self":[{"href":"https:\/\/stoic-curie.212-227-153-4.plesk.page\/de\/wp-json\/wp\/v2\/product\/3438006","targetHints":{"allow":["GET"]}}],"collection":[{"href":"https:\/\/stoic-curie.212-227-153-4.plesk.page\/de\/wp-json\/wp\/v2\/product"}],"about":[{"href":"https:\/\/stoic-curie.212-227-153-4.plesk.page\/de\/wp-json\/wp\/v2\/types\/product"}],"replies":[{"embeddable":true,"href":"https:\/\/stoic-curie.212-227-153-4.plesk.page\/de\/wp-json\/wp\/v2\/comments?post=3438006"}],"version-history":[{"count":0,"href":"https:\/\/stoic-curie.212-227-153-4.plesk.page\/de\/wp-json\/wp\/v2\/product\/3438006\/revisions"}],"wp:featuredmedia":[{"embeddable":true,"href":"https:\/\/stoic-curie.212-227-153-4.plesk.page\/de\/wp-json\/wp\/v2\/media\/5947383"}],"wp:attachment":[{"href":"https:\/\/stoic-curie.212-227-153-4.plesk.page\/de\/wp-json\/wp\/v2\/media?parent=3438006"}],"wp:term":[{"taxonomy":"product_brand","embeddable":true,"href":"https:\/\/stoic-curie.212-227-153-4.plesk.page\/de\/wp-json\/wp\/v2\/product_brand?post=3438006"},{"taxonomy":"product_cat","embeddable":true,"href":"https:\/\/stoic-curie.212-227-153-4.plesk.page\/de\/wp-json\/wp\/v2\/product_cat?post=3438006"},{"taxonomy":"product_tag","embeddable":true,"href":"https:\/\/stoic-curie.212-227-153-4.plesk.page\/de\/wp-json\/wp\/v2\/product_tag?post=3438006"}],"curies":[{"name":"wp","href":"https:\/\/api.w.org\/{rel}","templated":true}]}}