{"id":3438032,"date":"2025-10-09T23:01:41","date_gmt":"2025-10-10T03:01:41","guid":{"rendered":"https:\/\/stoic-curie.212-227-153-4.plesk.page\/product\/befestigungsbasis-fuer-qube-365\/"},"modified":"2026-02-24T23:35:18","modified_gmt":"2026-02-24T23:35:18","slug":"befestigungsbasis-fuer-qube-365","status":"publish","type":"product","link":"https:\/\/stoic-curie.212-227-153-4.plesk.page\/de\/product\/befestigungsbasis-fuer-qube-365\/","title":{"rendered":"Befestigungsbasis f\u00fcr Qube 365"},"content":{"rendered":"<p>Befestigungsbasis f\u00fcr Qube 365 &#8211; <\/p>\n<p>Eine gro\u00dfe tragbare Toilette mit einem gr\u00f6\u00dferen Abwassertank und einem Sitz in nat\u00fcrlicher H\u00f6he. Das Bodensicherungsset wird separat als optionale Zubeh\u00f6rauswahl verkauft.<\/p>\n","protected":false},"excerpt":{"rendered":"<p>Befestigungsbasis f\u00fcr Qube 365 &#8211; Eine gro\u00dfe tragbare Toilette mit einem gr\u00f6\u00dferen Abwassertank und einem Sitz in nat\u00fcrlicher H\u00f6he. Das<\/p>\n","protected":false},"featured_media":5947391,"comment_status":"closed","ping_status":"closed","template":"","meta":[],"product_brand":[3485],"product_cat":[1388],"product_tag":[],"class_list":{"0":"post-3438032","1":"product","2":"type-product","3":"status-publish","4":"has-post-thumbnail","6":"product_brand-thetford-de","7":"product_cat-marine-wcs","9":"first","10":"instock","11":"shipping-taxable","12":"purchasable","13":"product-type-simple"},"_links":{"self":[{"href":"https:\/\/stoic-curie.212-227-153-4.plesk.page\/de\/wp-json\/wp\/v2\/product\/3438032","targetHints":{"allow":["GET"]}}],"collection":[{"href":"https:\/\/stoic-curie.212-227-153-4.plesk.page\/de\/wp-json\/wp\/v2\/product"}],"about":[{"href":"https:\/\/stoic-curie.212-227-153-4.plesk.page\/de\/wp-json\/wp\/v2\/types\/product"}],"replies":[{"embeddable":true,"href":"https:\/\/stoic-curie.212-227-153-4.plesk.page\/de\/wp-json\/wp\/v2\/comments?post=3438032"}],"version-history":[{"count":0,"href":"https:\/\/stoic-curie.212-227-153-4.plesk.page\/de\/wp-json\/wp\/v2\/product\/3438032\/revisions"}],"wp:featuredmedia":[{"embeddable":true,"href":"https:\/\/stoic-curie.212-227-153-4.plesk.page\/de\/wp-json\/wp\/v2\/media\/5947391"}],"wp:attachment":[{"href":"https:\/\/stoic-curie.212-227-153-4.plesk.page\/de\/wp-json\/wp\/v2\/media?parent=3438032"}],"wp:term":[{"taxonomy":"product_brand","embeddable":true,"href":"https:\/\/stoic-curie.212-227-153-4.plesk.page\/de\/wp-json\/wp\/v2\/product_brand?post=3438032"},{"taxonomy":"product_cat","embeddable":true,"href":"https:\/\/stoic-curie.212-227-153-4.plesk.page\/de\/wp-json\/wp\/v2\/product_cat?post=3438032"},{"taxonomy":"product_tag","embeddable":true,"href":"https:\/\/stoic-curie.212-227-153-4.plesk.page\/de\/wp-json\/wp\/v2\/product_tag?post=3438032"}],"curies":[{"name":"wp","href":"https:\/\/api.w.org\/{rel}","templated":true}]}}