{"id":3438045,"date":"2025-10-09T23:01:41","date_gmt":"2025-10-10T03:01:41","guid":{"rendered":"https:\/\/stoic-curie.212-227-153-4.plesk.page\/product\/thetford-aqua-kem-green-beutel\/"},"modified":"2026-02-24T23:35:18","modified_gmt":"2026-02-24T23:35:18","slug":"thetford-aqua-kem-green-beutel","status":"publish","type":"product","link":"https:\/\/stoic-curie.212-227-153-4.plesk.page\/de\/product\/thetford-aqua-kem-green-beutel\/","title":{"rendered":"Thetford Aqua kem Green 450gr"},"content":{"rendered":"<p>Thetford Aqua kem Green 450gr &#8211; Die Thetford Aquakem Green sind speziell f\u00fcr die Verwendung in Toiletten-Abwassertanks konzipiert und daher ein unverzichtbares Produkt f\u00fcr Bootsbesitzer. Diese innovativen Produkte sind umweltfreundlich, dank ihrer nachhaltigen biologischen Eigenschaften, die sich positiv auf die Umwelt auswirken. Sie wirken effizient beim Abbau von festen Abf\u00e4llen und Toilettenpapier, was den Entsorgungsprozess vereinfacht. Dar\u00fcber hinaus helfen sie, die Gasansammlung zu minimieren, sodass Ihr Abwassertank l\u00e4nger frisch und sauber bleibt. Jede Verpackung enth\u00e4lt 450 g Produkt, was eine effektive Behandlung von bis zu 60 Tagen erm\u00f6glicht. Das bedeutet, dass Sie Ihre Zeit auf dem Wasser genie\u00dfen k\u00f6nnen, ohne sich um das Abfallmanagement sorgen zu m\u00fcssen, was Ihr Bootserlebnis angenehmer und stressfreier macht.<\/p>\n","protected":false},"excerpt":{"rendered":"<p>Thetford Aqua kem Green 450gr &#8211; Die Thetford Aquakem Green sind speziell f\u00fcr die Verwendung in Toiletten-Abwassertanks konzipiert und daher<\/p>\n","protected":false},"featured_media":5947398,"comment_status":"closed","ping_status":"closed","template":"","meta":[],"product_brand":[3485],"product_cat":[1388,1341],"product_tag":[],"class_list":{"0":"post-3438045","1":"product","2":"type-product","3":"status-publish","4":"has-post-thumbnail","6":"product_brand-thetford-de","7":"product_cat-marine-wcs","8":"product_cat-produkte-zur-reinigung","10":"first","11":"instock","12":"shipping-taxable","13":"purchasable","14":"product-type-simple"},"_links":{"self":[{"href":"https:\/\/stoic-curie.212-227-153-4.plesk.page\/de\/wp-json\/wp\/v2\/product\/3438045","targetHints":{"allow":["GET"]}}],"collection":[{"href":"https:\/\/stoic-curie.212-227-153-4.plesk.page\/de\/wp-json\/wp\/v2\/product"}],"about":[{"href":"https:\/\/stoic-curie.212-227-153-4.plesk.page\/de\/wp-json\/wp\/v2\/types\/product"}],"replies":[{"embeddable":true,"href":"https:\/\/stoic-curie.212-227-153-4.plesk.page\/de\/wp-json\/wp\/v2\/comments?post=3438045"}],"version-history":[{"count":0,"href":"https:\/\/stoic-curie.212-227-153-4.plesk.page\/de\/wp-json\/wp\/v2\/product\/3438045\/revisions"}],"wp:featuredmedia":[{"embeddable":true,"href":"https:\/\/stoic-curie.212-227-153-4.plesk.page\/de\/wp-json\/wp\/v2\/media\/5947398"}],"wp:attachment":[{"href":"https:\/\/stoic-curie.212-227-153-4.plesk.page\/de\/wp-json\/wp\/v2\/media?parent=3438045"}],"wp:term":[{"taxonomy":"product_brand","embeddable":true,"href":"https:\/\/stoic-curie.212-227-153-4.plesk.page\/de\/wp-json\/wp\/v2\/product_brand?post=3438045"},{"taxonomy":"product_cat","embeddable":true,"href":"https:\/\/stoic-curie.212-227-153-4.plesk.page\/de\/wp-json\/wp\/v2\/product_cat?post=3438045"},{"taxonomy":"product_tag","embeddable":true,"href":"https:\/\/stoic-curie.212-227-153-4.plesk.page\/de\/wp-json\/wp\/v2\/product_tag?post=3438045"}],"curies":[{"name":"wp","href":"https:\/\/api.w.org\/{rel}","templated":true}]}}