{"id":3438080,"date":"2025-10-09T23:01:43","date_gmt":"2025-10-10T03:01:43","guid":{"rendered":"https:\/\/stoic-curie.212-227-153-4.plesk.page\/product\/belueftungsschleife-fuer-38-1-1-2-schlauch-o-mm\/"},"modified":"2026-02-24T23:35:18","modified_gmt":"2026-02-24T23:35:18","slug":"belueftungsschleife-fuer-38-1-1-2-schlauch-o-mm","status":"publish","type":"product","link":"https:\/\/stoic-curie.212-227-153-4.plesk.page\/de\/product\/belueftungsschleife-fuer-38-1-1-2-schlauch-o-mm\/","title":{"rendered":"Bel\u00fcftungsschleife f\u00fcr 38 (1 1\/2&#8243;) Schlauch \u00f8 mm"},"content":{"rendered":"<p>Bel\u00fcftungsschleife f\u00fcr 38 (1 1\/2&#8243;) Schlauch \u00f8 mm &#8211; <\/p>\n<p>Bel\u00fcftungsschleife f\u00fcr die Montage der Toilette unterhalb der Wasserlinie.<\/p>\n","protected":false},"excerpt":{"rendered":"<p>Bel\u00fcftungsschleife f\u00fcr 38 (1 1\/2&#8243;) Schlauch \u00f8 mm &#8211; Bel\u00fcftungsschleife f\u00fcr die Montage der Toilette unterhalb der Wasserlinie.<\/p>\n","protected":false},"featured_media":5947406,"comment_status":"closed","ping_status":"closed","template":"","meta":[],"product_brand":[3140],"product_cat":[1362,1388],"product_tag":[],"class_list":{"0":"post-3438080","1":"product","2":"type-product","3":"status-publish","4":"has-post-thumbnail","6":"product_brand-matromarine-de","7":"product_cat-abwassertanks","8":"product_cat-marine-wcs","10":"first","11":"instock","12":"shipping-taxable","13":"purchasable","14":"product-type-simple"},"_links":{"self":[{"href":"https:\/\/stoic-curie.212-227-153-4.plesk.page\/de\/wp-json\/wp\/v2\/product\/3438080","targetHints":{"allow":["GET"]}}],"collection":[{"href":"https:\/\/stoic-curie.212-227-153-4.plesk.page\/de\/wp-json\/wp\/v2\/product"}],"about":[{"href":"https:\/\/stoic-curie.212-227-153-4.plesk.page\/de\/wp-json\/wp\/v2\/types\/product"}],"replies":[{"embeddable":true,"href":"https:\/\/stoic-curie.212-227-153-4.plesk.page\/de\/wp-json\/wp\/v2\/comments?post=3438080"}],"version-history":[{"count":0,"href":"https:\/\/stoic-curie.212-227-153-4.plesk.page\/de\/wp-json\/wp\/v2\/product\/3438080\/revisions"}],"wp:featuredmedia":[{"embeddable":true,"href":"https:\/\/stoic-curie.212-227-153-4.plesk.page\/de\/wp-json\/wp\/v2\/media\/5947406"}],"wp:attachment":[{"href":"https:\/\/stoic-curie.212-227-153-4.plesk.page\/de\/wp-json\/wp\/v2\/media?parent=3438080"}],"wp:term":[{"taxonomy":"product_brand","embeddable":true,"href":"https:\/\/stoic-curie.212-227-153-4.plesk.page\/de\/wp-json\/wp\/v2\/product_brand?post=3438080"},{"taxonomy":"product_cat","embeddable":true,"href":"https:\/\/stoic-curie.212-227-153-4.plesk.page\/de\/wp-json\/wp\/v2\/product_cat?post=3438080"},{"taxonomy":"product_tag","embeddable":true,"href":"https:\/\/stoic-curie.212-227-153-4.plesk.page\/de\/wp-json\/wp\/v2\/product_tag?post=3438080"}],"curies":[{"name":"wp","href":"https:\/\/api.w.org\/{rel}","templated":true}]}}